{"id":17258,"date":"2023-03-15T19:57:18","date_gmt":"2023-03-15T19:57:18","guid":{"rendered":"https:\/\/we-r-health.com\/?page_id=17258"},"modified":"2024-04-16T18:51:49","modified_gmt":"2024-04-16T18:51:49","slug":"become-a-partner","status":"publish","type":"page","link":"https:\/\/we-r-health.com\/es\/become-a-partner\/","title":{"rendered":"Convi\u00e9rtete en socio"},"content":{"rendered":"<div data-elementor-type=\"wp-page\" data-elementor-id=\"17258\" class=\"elementor elementor-17258\" data-elementor-post-type=\"page\">\n\t\t\t\t<div data-dce-background-image-url=\"https:\/\/we-r-health.com\/wp-content\/uploads\/2023\/09\/WomanFallForest_1500-56a6df1e3df78cf77290a3c1.jpg\" class=\"elementor-element elementor-element-f6a1f37 e-flex e-con-boxed e-con e-parent\" data-id=\"f6a1f37\" data-element_type=\"container\" data-settings=\"{&quot;background_background&quot;:&quot;classic&quot;}\">\n\t\t\t\t\t<div class=\"e-con-inner\">\n\t\t\t\t<div class=\"elementor-element elementor-element-075013a elementor-widget elementor-widget-text-editor\" data-id=\"075013a\" data-element_type=\"widget\" data-widget_type=\"text-editor.default\">\n\t\t\t\t<div class=\"elementor-widget-container\">\n\t\t\t<style>\/*! elementor - v3.21.0 - 08-05-2024 *\/\n.elementor-widget-text-editor.elementor-drop-cap-view-stacked .elementor-drop-cap{background-color:#69727d;color:#fff}.elementor-widget-text-editor.elementor-drop-cap-view-framed .elementor-drop-cap{color:#69727d;border:3px solid;background-color:transparent}.elementor-widget-text-editor:not(.elementor-drop-cap-view-default) .elementor-drop-cap{margin-top:8px}.elementor-widget-text-editor:not(.elementor-drop-cap-view-default) .elementor-drop-cap-letter{width:1em;height:1em}.elementor-widget-text-editor .elementor-drop-cap{float:left;text-align:center;line-height:1;font-size:50px}.elementor-widget-text-editor .elementor-drop-cap-letter{display:inline-block}<\/style>\t\t\t\t<p>Convi\u00e9rtete en nuestro compa\u00f1ero<\/p>\t\t\t\t\t\t<\/div>\n\t\t\t\t<\/div>\n\t\t\t\t<div class=\"elementor-element elementor-element-938b683 elementor-widget__width-initial elementor-widget elementor-widget-text-editor\" data-id=\"938b683\" data-element_type=\"widget\" data-widget_type=\"text-editor.default\">\n\t\t\t\t<div class=\"elementor-widget-container\">\n\t\t\t\t\t\t\t<p>Dos temas principales en la vida son:\u00a0<strong>salud y riqueza<\/strong>. La riqueza sin salud da como resultado cero (no hay tiempo para disfrutarla). La salud sin riqueza conduce a una vida aburrida y frustrante. Wellness Earthing, LLC (WE) es una empresa propiedad de los empleados especializada en educaci\u00f3n de salud en l\u00ednea y defensa del bienestar, al promover ideas buenas e innovadoras de salud y bienestar a trav\u00e9s de un programa de afiliados y asociaciones a cambio de una mejor salud y m\u00e1s riqueza. El socio obtendr\u00e1 los m\u00e1ximos beneficios de esta plataforma de educaci\u00f3n en l\u00ednea.<\/p>\t\t\t\t\t\t<\/div>\n\t\t\t\t<\/div>\n\t\t\t\t\t<\/div>\n\t\t\t\t<\/div>\n\t\t<div data-dce-background-color=\"#FFFAFA\" class=\"elementor-element elementor-element-80364ab e-flex e-con-boxed e-con e-parent\" data-id=\"80364ab\" data-element_type=\"container\" data-settings=\"{&quot;background_background&quot;:&quot;classic&quot;}\">\n\t\t\t\t\t<div class=\"e-con-inner\">\n\t\t<div class=\"elementor-element elementor-element-206467d e-con-full e-flex e-con e-child\" data-id=\"206467d\" data-element_type=\"container\">\n\t\t<div class=\"elementor-element elementor-element-a5e4e60 e-flex e-con-boxed e-con e-child\" data-id=\"a5e4e60\" data-element_type=\"container\">\n\t\t\t\t\t<div class=\"e-con-inner\">\n\t\t\t\t<div class=\"elementor-element elementor-element-7b5ed7f elementor-widget elementor-widget-text-editor\" data-id=\"7b5ed7f\" data-element_type=\"widget\" data-widget_type=\"text-editor.default\">\n\t\t\t\t<div class=\"elementor-widget-container\">\n\t\t\t\t\t\t\t<p>Wellness Earthing (WE) est\u00e1 a la vanguardia en la creaci\u00f3n de una plataforma de salud y riqueza, dedicada a promover pr\u00e1cticas de bienestar e ideas de salud, al tiempo que ofrece productos de bienestar de calidad cuidadosamente seleccionados a nuestros consumidores informados a un precio asequible. A trav\u00e9s de nuestros afiliados y nuestro programa de asociaci\u00f3n, WE se compromete a crecer con una comunidad de afiliados y socios sin recursos econ\u00f3micos en esta plataforma.<\/p><p><strong>\u00bfPor qu\u00e9 asociarse con nosotros?\u00a0\u00a0<\/strong>Invertir para convertirse en socio conlleva una multitud de recompensas y retornos de inversi\u00f3n adicionales, adem\u00e1s de los beneficios de ser un afiliado de alto nivel.<\/p><p>\u00a0<\/p>\t\t\t\t\t\t<\/div>\n\t\t\t\t<\/div>\n\t\t\t\t\t<\/div>\n\t\t\t\t<\/div>\n\t\t\t\t<\/div>\n\t\t<div class=\"elementor-element elementor-element-9f87a68 e-con-full e-flex e-con e-child\" data-id=\"9f87a68\" data-element_type=\"container\">\n\t\t<div class=\"elementor-element elementor-element-fe77963 e-flex e-con-boxed e-con e-child\" data-id=\"fe77963\" data-element_type=\"container\">\n\t\t\t\t\t<div class=\"e-con-inner\">\n\t\t\t\t<div class=\"elementor-element elementor-element-b6ccc3a elementor-widget elementor-widget-text-editor\" data-id=\"b6ccc3a\" data-element_type=\"widget\" data-widget_type=\"text-editor.default\">\n\t\t\t\t<div class=\"elementor-widget-container\">\n\t\t\t\t\t\t\t<p><strong>Asociaci\u00f3n: un valor fundamental.\u00a0 <\/strong>La colaboraci\u00f3n es la base de los valores fundamentales y del desarrollo empresarial de WE. Representa una estrategia \u00fanica de financiaci\u00f3n colectiva dise\u00f1ada para atraer a defensores de la salud con ideas afines. Los socios invierten una peque\u00f1a cantidad para contribuir al crecimiento de nuestra plataforma de salud y riqueza. A cambio, disfrutan de:<\/p><ul><li>Ingresos mensuales regulares de nuestro programa de participaci\u00f3n en las ganancias.<\/li><li>Descuentos importantes en la compra de nuestros productos.<\/li><li>La oportunidad de exhibir y vender sus propios productos.<\/li><li>El potencial de recibir ingresos por dividendos al final del a\u00f1o durante muchos a\u00f1os m\u00e1s.<\/li><\/ul><p>Para obtener m\u00e1s detalles sobre c\u00f3mo convertirse en socio y desbloquear los beneficios de nuestro programa de asociaci\u00f3n y plan de compensaci\u00f3n, env\u00edenos un correo electr\u00f3nico.<\/p>\t\t\t\t\t\t<\/div>\n\t\t\t\t<\/div>\n\t\t\t\t\t<\/div>\n\t\t\t\t<\/div>\n\t\t\t\t<\/div>\n\t\t\t\t\t<\/div>\n\t\t\t\t<\/div>\n\t\t<div class=\"elementor-element elementor-element-d17adda e-flex e-con-boxed e-con e-parent\" data-id=\"d17adda\" data-element_type=\"container\">\n\t\t\t\t\t<div class=\"e-con-inner\">\n\t\t\t\t<div class=\"elementor-element elementor-element-d6be4f3 elementor-widget elementor-widget-heading\" data-id=\"d6be4f3\" data-element_type=\"widget\" data-widget_type=\"heading.default\">\n\t\t\t\t<div class=\"elementor-widget-container\">\n\t\t\t<style>\/*! elementor - v3.21.0 - 08-05-2024 *\/\n.elementor-heading-title{padding:0;margin:0;line-height:1}.elementor-widget-heading .elementor-heading-title[class*=elementor-size-]>a{color:inherit;font-size:inherit;line-height:inherit}.elementor-widget-heading .elementor-heading-title.elementor-size-small{font-size:15px}.elementor-widget-heading .elementor-heading-title.elementor-size-medium{font-size:19px}.elementor-widget-heading .elementor-heading-title.elementor-size-large{font-size:29px}.elementor-widget-heading .elementor-heading-title.elementor-size-xl{font-size:39px}.elementor-widget-heading .elementor-heading-title.elementor-size-xxl{font-size:59px}<\/style><h2 class=\"elementor-heading-title elementor-size-xl\">Las 3 categor\u00edas de socios inversores<\/h2>\t\t<\/div>\n\t\t\t\t<\/div>\n\t\t\t\t\t<\/div>\n\t\t\t\t<\/div>\n\t\t<div class=\"elementor-element elementor-element-e9190ba e-flex e-con-boxed e-con e-parent\" data-id=\"e9190ba\" data-element_type=\"container\" data-settings=\"{&quot;background_background&quot;:&quot;classic&quot;}\">\n\t\t\t\t\t<div class=\"e-con-inner\">\n\t\t<div class=\"elementor-element elementor-element-640c680 e-con-full e-flex e-con e-child\" data-id=\"640c680\" data-element_type=\"container\">\n\t\t\t\t<div class=\"elementor-element elementor-element-7a67e1e dce_masking-none elementor-widget elementor-widget-image\" data-id=\"7a67e1e\" data-element_type=\"widget\" data-widget_type=\"image.default\">\n\t\t\t\t<div class=\"elementor-widget-container\">\n\t\t\t<style>\/*! elementor - v3.21.0 - 08-05-2024 *\/\n.elementor-widget-image{text-align:center}.elementor-widget-image a{display:inline-block}.elementor-widget-image a img[src$=\".svg\"]{width:48px}.elementor-widget-image img{vertical-align:middle;display:inline-block}<\/style>\t\t\t\t\t\t\t\t\t\t<img fetchpriority=\"high\" decoding=\"async\" width=\"1521\" height=\"1221\" src=\"https:\/\/we-r-health.com\/wp-content\/uploads\/2023\/07\/Happy3.jpg\" class=\"attachment-full size-full wp-image-20365\" alt=\"Silver partner\" srcset=\"https:\/\/we-r-health.com\/wp-content\/uploads\/2023\/07\/Happy3.jpg 1521w, https:\/\/we-r-health.com\/wp-content\/uploads\/2023\/07\/Happy3-600x482.jpg 600w, https:\/\/we-r-health.com\/wp-content\/uploads\/2023\/07\/Happy3-300x241.jpg 300w, https:\/\/we-r-health.com\/wp-content\/uploads\/2023\/07\/Happy3-1024x822.jpg 1024w, https:\/\/we-r-health.com\/wp-content\/uploads\/2023\/07\/Happy3-768x617.jpg 768w, https:\/\/we-r-health.com\/wp-content\/uploads\/2023\/07\/Happy3-15x12.jpg 15w\" sizes=\"(max-width: 1521px) 100vw, 1521px\" \/>\t\t\t\t\t\t\t\t\t\t\t\t\t<\/div>\n\t\t\t\t<\/div>\n\t\t\t\t<\/div>\n\t\t<div class=\"elementor-element elementor-element-b0951b5 e-con-full e-flex e-con e-child\" data-id=\"b0951b5\" data-element_type=\"container\">\n\t\t\t\t<div class=\"elementor-element elementor-element-e2a01c5 elementor-widget elementor-widget-heading\" data-id=\"e2a01c5\" data-element_type=\"widget\" data-widget_type=\"heading.default\">\n\t\t\t\t<div class=\"elementor-widget-container\">\n\t\t\t<h2 class=\"elementor-heading-title elementor-size-default\">A. Socio Plata (inversi\u00f3n de 10.000 d\u00f3lares)<\/h2>\t\t<\/div>\n\t\t\t\t<\/div>\n\t\t<div class=\"elementor-element elementor-element-7b8cf85 e-flex e-con-boxed e-con e-child\" data-id=\"7b8cf85\" data-element_type=\"container\">\n\t\t\t\t\t<div class=\"e-con-inner\">\n\t\t\t\t<div class=\"elementor-element elementor-element-a4a5c64 elementor-widget elementor-widget-text-editor\" data-id=\"a4a5c64\" data-element_type=\"widget\" data-widget_type=\"text-editor.default\">\n\t\t\t\t<div class=\"elementor-widget-container\">\n\t\t\t\t\t\t\t<ol><li>Invierta o contribuya con $10,000 (US$10K) y reciba $11,000 en cr\u00e9ditos de por vida para usar.<\/li><li>Disfrute de recompensas de bonificaci\u00f3n a nivel de gerente con la compa\u00f1\u00eda patrocinando a 6 VIP activos como afiliados.<\/li><li>Recibe una comisi\u00f3n del 25% por ventas directas (en lugar del 20% por afiliados).<\/li><li>En resumen, el socio Silver recibi\u00f3 recompensas de 4 niveles de ventas totales patrocinadas, que ser\u00e1n por separado como 25%, 5%, 5%, 4% en 4 niveles diferentes de ventas brutas.<\/li><li>Ingresos mensuales aproximados de $2000 a $3000 por ventas patrocinadas.<\/li><li>Disfrute de un 20% de descuento en compras en l\u00ednea utilizando los cr\u00e9ditos de $11k.<\/li><li>Participe en las bonificaciones de dividendos de fin de a\u00f1o durante 5 a\u00f1os.<\/li><li>Los cr\u00e9ditos no utilizados se pueden canjear en cinco a\u00f1os o convertirlos en acciones de la empresa.\u00a0<\/li><\/ol>\t\t\t\t\t\t<\/div>\n\t\t\t\t<\/div>\n\t\t\t\t\t<\/div>\n\t\t\t\t<\/div>\n\t\t\t\t<\/div>\n\t\t\t\t\t<\/div>\n\t\t\t\t<\/div>\n\t\t<div data-dce-background-color=\"#6C18000D\" class=\"elementor-element elementor-element-56f6312 e-flex e-con-boxed e-con e-parent\" data-id=\"56f6312\" data-element_type=\"container\" data-settings=\"{&quot;background_background&quot;:&quot;classic&quot;}\">\n\t\t\t\t\t<div class=\"e-con-inner\">\n\t\t<div class=\"elementor-element elementor-element-1b2311f e-con-full e-flex e-con e-child\" data-id=\"1b2311f\" data-element_type=\"container\">\n\t\t\t\t<div class=\"elementor-element elementor-element-79d69a6 elementor-widget elementor-widget-heading\" data-id=\"79d69a6\" data-element_type=\"widget\" data-widget_type=\"heading.default\">\n\t\t\t\t<div class=\"elementor-widget-container\">\n\t\t\t<h2 class=\"elementor-heading-title elementor-size-default\">B. Socio de oro ($30 000)<\/h2>\t\t<\/div>\n\t\t\t\t<\/div>\n\t\t<div class=\"elementor-element elementor-element-f68c6b2 e-flex e-con-boxed e-con e-child\" data-id=\"f68c6b2\" data-element_type=\"container\">\n\t\t\t\t\t<div class=\"e-con-inner\">\n\t\t\t\t<div class=\"elementor-element elementor-element-bc4145d elementor-widget elementor-widget-text-editor\" data-id=\"bc4145d\" data-element_type=\"widget\" data-widget_type=\"text-editor.default\">\n\t\t\t\t<div class=\"elementor-widget-container\">\n\t\t\t\t\t\t\t<ol><li>Invierta $30,000 (US$30K) y reciba $35,000 en cr\u00e9ditos de por vida.<\/li><li>Disfrute de comisiones de nivel de director con la compa\u00f1\u00eda patrocinando a m\u00e1s de 6 gerentes activos como afiliados.<\/li><li>Los ingresos mensuales aproximados var\u00edan entre $5000 y $10 000 despu\u00e9s de 3 a 5 meses de acumulaci\u00f3n.<\/li><li>Reciba una comisi\u00f3n de venta directa del 25%.<\/li><li>Disfrute de un 25% de descuento en compras en l\u00ednea utilizando los cr\u00e9ditos de $35k.<\/li><li>Participe en las bonificaciones de dividendos de fin de a\u00f1o durante 5 a\u00f1os.<\/li><li>Califica para el viaje internacional anual a China (10-12 d\u00edas, valor $6800) gratis.<\/li><li>Tener el privilegio de vender sus propios art\u00edculos en el sitio web de la empresa.<\/li><\/ol>\t\t\t\t\t\t<\/div>\n\t\t\t\t<\/div>\n\t\t\t\t\t<\/div>\n\t\t\t\t<\/div>\n\t\t\t\t<\/div>\n\t\t<div class=\"elementor-element elementor-element-bd38380 e-con-full e-flex e-con e-child\" data-id=\"bd38380\" data-element_type=\"container\">\n\t\t\t\t<div class=\"elementor-element elementor-element-e13b7ee dce_masking-none elementor-widget elementor-widget-image\" data-id=\"e13b7ee\" data-element_type=\"widget\" data-widget_type=\"image.default\">\n\t\t\t\t<div class=\"elementor-widget-container\">\n\t\t\t\t\t\t\t\t\t\t\t\t\t<img decoding=\"async\" width=\"1024\" height=\"683\" src=\"https:\/\/we-r-health.com\/wp-content\/uploads\/2023\/07\/next-deal-1024x683-1.jpg\" class=\"attachment-full size-full wp-image-20366\" alt=\"Golden Partner\" srcset=\"https:\/\/we-r-health.com\/wp-content\/uploads\/2023\/07\/next-deal-1024x683-1.jpg 1024w, https:\/\/we-r-health.com\/wp-content\/uploads\/2023\/07\/next-deal-1024x683-1-600x400.jpg 600w, https:\/\/we-r-health.com\/wp-content\/uploads\/2023\/07\/next-deal-1024x683-1-300x200.jpg 300w, https:\/\/we-r-health.com\/wp-content\/uploads\/2023\/07\/next-deal-1024x683-1-768x512.jpg 768w, https:\/\/we-r-health.com\/wp-content\/uploads\/2023\/07\/next-deal-1024x683-1-18x12.jpg 18w\" sizes=\"(max-width: 1024px) 100vw, 1024px\" \/>\t\t\t\t\t\t\t\t\t\t\t\t\t<\/div>\n\t\t\t\t<\/div>\n\t\t\t\t<\/div>\n\t\t\t\t\t<\/div>\n\t\t\t\t<\/div>\n\t\t<div class=\"elementor-element elementor-element-819ea7e e-flex e-con-boxed e-con e-parent\" data-id=\"819ea7e\" data-element_type=\"container\" data-settings=\"{&quot;background_background&quot;:&quot;classic&quot;}\">\n\t\t\t\t\t<div class=\"e-con-inner\">\n\t\t<div class=\"elementor-element elementor-element-b41a023 e-con-full e-flex e-con e-child\" data-id=\"b41a023\" data-element_type=\"container\">\n\t\t\t\t<div class=\"elementor-element elementor-element-5666aac dce_masking-none elementor-widget elementor-widget-image\" data-id=\"5666aac\" data-element_type=\"widget\" data-widget_type=\"image.default\">\n\t\t\t\t<div class=\"elementor-widget-container\">\n\t\t\t\t\t\t\t\t\t\t\t\t\t<img decoding=\"async\" width=\"1600\" height=\"1067\" src=\"https:\/\/we-r-health.com\/wp-content\/uploads\/2023\/07\/bigstock-Best-Handshake-2238720.jpg\" class=\"attachment-full size-full wp-image-20081\" alt=\"\" srcset=\"https:\/\/we-r-health.com\/wp-content\/uploads\/2023\/07\/bigstock-Best-Handshake-2238720.jpg 1600w, https:\/\/we-r-health.com\/wp-content\/uploads\/2023\/07\/bigstock-Best-Handshake-2238720-600x400.jpg 600w, https:\/\/we-r-health.com\/wp-content\/uploads\/2023\/07\/bigstock-Best-Handshake-2238720-300x200.jpg 300w, https:\/\/we-r-health.com\/wp-content\/uploads\/2023\/07\/bigstock-Best-Handshake-2238720-1024x683.jpg 1024w, https:\/\/we-r-health.com\/wp-content\/uploads\/2023\/07\/bigstock-Best-Handshake-2238720-768x512.jpg 768w, https:\/\/we-r-health.com\/wp-content\/uploads\/2023\/07\/bigstock-Best-Handshake-2238720-1536x1024.jpg 1536w, https:\/\/we-r-health.com\/wp-content\/uploads\/2023\/07\/bigstock-Best-Handshake-2238720-18x12.jpg 18w\" sizes=\"(max-width: 1600px) 100vw, 1600px\" \/>\t\t\t\t\t\t\t\t\t\t\t\t\t<\/div>\n\t\t\t\t<\/div>\n\t\t\t\t<\/div>\n\t\t<div class=\"elementor-element elementor-element-a4e07a8 e-con-full e-flex e-con e-child\" data-id=\"a4e07a8\" data-element_type=\"container\">\n\t\t\t\t<div class=\"elementor-element elementor-element-8fa018f elementor-widget elementor-widget-heading\" data-id=\"8fa018f\" data-element_type=\"widget\" data-widget_type=\"heading.default\">\n\t\t\t\t<div class=\"elementor-widget-container\">\n\t\t\t<h2 class=\"elementor-heading-title elementor-size-default\">C. Socio Diamante (inversi\u00f3n de 50.000 d\u00f3lares)<\/h2>\t\t<\/div>\n\t\t\t\t<\/div>\n\t\t<div class=\"elementor-element elementor-element-8b1a5b4 e-flex e-con-boxed e-con e-child\" data-id=\"8b1a5b4\" data-element_type=\"container\">\n\t\t\t\t\t<div class=\"e-con-inner\">\n\t\t\t\t<div class=\"elementor-element elementor-element-46b0e68 elementor-widget elementor-widget-text-editor\" data-id=\"46b0e68\" data-element_type=\"widget\" data-widget_type=\"text-editor.default\">\n\t\t\t\t<div class=\"elementor-widget-container\">\n\t\t\t\t\t\t\t<ol><li>Invierta $60.000 (US$60.000) y reciba el 1% de las acciones de la empresa con derecho a voto.<\/li><li>Disfrute de bonificaciones y comisiones de recompensa a nivel de gerente general.<\/li><li>En resumen, el sistema recompensa 6 niveles de ventas totales de afiliados patrocinados, otorgados por separado como 25%, 5%, 5%, 4%, 3%, 2% en 6 niveles diferentes de ventas patrocinadas.<\/li><li>Los ingresos mensuales aproximados var\u00edan entre $10,000 y $30,000 despu\u00e9s de 6 meses de acumulaci\u00f3n.<\/li><li>Reciba una comisi\u00f3n de venta directa del 25%.<\/li><li>Disfruta de un 30% de descuento en compras online.<\/li><li>Participe en bonificaciones de dividendos de fin de a\u00f1o de por vida.<\/li><li>Califica para el viaje internacional anual a China (10-12 d\u00edas, valor aproximado $8800) de forma gratuita.<\/li><li>Las acciones pueden venderse o transferirse despu\u00e9s de mantenerlas durante 5 a\u00f1os.<\/li><\/ol>\t\t\t\t\t\t<\/div>\n\t\t\t\t<\/div>\n\t\t\t\t\t<\/div>\n\t\t\t\t<\/div>\n\t\t\t\t<\/div>\n\t\t\t\t\t<\/div>\n\t\t\t\t<\/div>\n\t\t<div class=\"elementor-element elementor-element-c0f48fe e-flex e-con-boxed e-con e-parent\" data-id=\"c0f48fe\" data-element_type=\"container\">\n\t\t\t\t\t<div class=\"e-con-inner\">\n\t\t\t\t<div class=\"elementor-element elementor-element-7b89101 elementor-widget elementor-widget-text-editor\" data-id=\"7b89101\" data-element_type=\"widget\" data-widget_type=\"text-editor.default\">\n\t\t\t\t<div class=\"elementor-widget-container\">\n\t\t\t\t\t\t\t<h2><strong>Esquema de fisi\u00f3n de socios:<\/strong><\/h2><ol><li>Reciba una recompensa en efectivo del 5% por recomendar con \u00e9xito a un socio.<\/li><li>Los recomendadores disfrutan de una comisi\u00f3n del 1% del total de ventas patrocinadas por el socio referido de por vida.<\/li><\/ol>\t\t\t\t\t\t<\/div>\n\t\t\t\t<\/div>\n\t\t\t\t\t<\/div>\n\t\t\t\t<\/div>\n\t\t<div data-dce-background-color=\"#6C18000D\" class=\"elementor-element elementor-element-bc67137 e-flex e-con-boxed e-con e-parent\" data-id=\"bc67137\" data-element_type=\"container\" data-settings=\"{&quot;background_background&quot;:&quot;classic&quot;}\">\n\t\t\t\t\t<div class=\"e-con-inner\">\n\t\t<div class=\"elementor-element elementor-element-07824cd e-con-full e-flex e-con e-child\" data-id=\"07824cd\" data-element_type=\"container\">\n\t\t\t\t<div class=\"elementor-element elementor-element-b0d5aa1 elementor-widget elementor-widget-heading\" data-id=\"b0d5aa1\" data-element_type=\"widget\" data-widget_type=\"heading.default\">\n\t\t\t\t<div class=\"elementor-widget-container\">\n\t\t\t<h2 class=\"elementor-heading-title elementor-size-default\">D. Socio Educativo<\/h2>\t\t<\/div>\n\t\t\t\t<\/div>\n\t\t<div class=\"elementor-element elementor-element-c42f8ce e-flex e-con-boxed e-con e-child\" data-id=\"c42f8ce\" data-element_type=\"container\">\n\t\t\t\t\t<div class=\"e-con-inner\">\n\t\t\t\t<div class=\"elementor-element elementor-element-868b9be elementor-widget elementor-widget-text-editor\" data-id=\"868b9be\" data-element_type=\"widget\" data-widget_type=\"text-editor.default\">\n\t\t\t\t<div class=\"elementor-widget-container\">\n\t\t\t\t\t\t\t<p>Quienes deseen utilizar la plataforma WE (we-r-health.com) para promover ideas y productos de salud y bienestar pueden unirse a nosotros como socios educativos. A continuaci\u00f3n, se detallan los requisitos b\u00e1sicos y el plan de participaci\u00f3n en las ganancias para los socios educativos:<\/p><ol><li>Realice un dep\u00f3sito reembolsable de $10,000 (US$10K) y reciba $11,000 en cr\u00e9ditos para usar.<\/li><li>Elegir medios de educaci\u00f3n para promover la salud y el bienestar en temas de su elecci\u00f3n.<\/li><li>Requisito m\u00ednimo: publicar un art\u00edculo de blog por mes o 4 videos cortos cada mes con un enlace al sitio web de WE.<\/li><li>Reciba un pago por los clics que regresen al sitio web.<\/li><li>Disfrute de una comisi\u00f3n de venta directa del 25%.<\/li><li>Recibe un 20% de descuento en compras en l\u00ednea utilizando los cr\u00e9ditos de $11k.<\/li><li>Participe en las bonificaciones de dividendos de fin de a\u00f1o durante 5 a\u00f1os.<\/li><li>Los cr\u00e9ditos o dep\u00f3sitos no utilizados se pueden retirar (reembolsar) en cinco a\u00f1os.<\/li><\/ol>\t\t\t\t\t\t<\/div>\n\t\t\t\t<\/div>\n\t\t\t\t\t<\/div>\n\t\t\t\t<\/div>\n\t\t\t\t<\/div>\n\t\t<div class=\"elementor-element elementor-element-8bd72f9 e-con-full e-flex e-con e-child\" data-id=\"8bd72f9\" data-element_type=\"container\">\n\t\t\t\t<div class=\"elementor-element elementor-element-818af71 dce_masking-none elementor-widget elementor-widget-image\" data-id=\"818af71\" data-element_type=\"widget\" data-widget_type=\"image.default\">\n\t\t\t\t<div class=\"elementor-widget-container\">\n\t\t\t\t\t\t\t\t\t\t\t\t\t<img loading=\"lazy\" decoding=\"async\" width=\"474\" height=\"315\" src=\"https:\/\/we-r-health.com\/wp-content\/uploads\/2023\/07\/OIF-C-1.jpg\" class=\"attachment-full size-full wp-image-20085\" alt=\"\" srcset=\"https:\/\/we-r-health.com\/wp-content\/uploads\/2023\/07\/OIF-C-1.jpg 474w, https:\/\/we-r-health.com\/wp-content\/uploads\/2023\/07\/OIF-C-1-300x199.jpg 300w, https:\/\/we-r-health.com\/wp-content\/uploads\/2023\/07\/OIF-C-1-18x12.jpg 18w\" sizes=\"(max-width: 474px) 100vw, 474px\" \/>\t\t\t\t\t\t\t\t\t\t\t\t\t<\/div>\n\t\t\t\t<\/div>\n\t\t\t\t<div class=\"elementor-element elementor-element-54313b2 elementor-widget elementor-widget-text-editor\" data-id=\"54313b2\" data-element_type=\"widget\" data-widget_type=\"text-editor.default\">\n\t\t\t\t<div class=\"elementor-widget-container\">\n\t\t\t\t\t\t\t<h2>\u00a0 \u00a0 \u00a0 \u00a0 \u00a0 \u00a0 \u00a0 \u00a0 \u00a0Socio Educativo<\/h2>\t\t\t\t\t\t<\/div>\n\t\t\t\t<\/div>\n\t\t\t\t<\/div>\n\t\t\t\t\t<\/div>\n\t\t\t\t<\/div>\n\t\t<div data-dce-background-color=\"#2D0A0024\" class=\"elementor-element elementor-element-0079981 e-flex e-con-boxed e-con e-parent\" data-id=\"0079981\" data-element_type=\"container\" data-settings=\"{&quot;background_background&quot;:&quot;classic&quot;}\">\n\t\t\t\t\t<div class=\"e-con-inner\">\n\t\t\t\t<div class=\"elementor-element elementor-element-4bf92e7 elementor-widget elementor-widget-text-editor\" data-id=\"4bf92e7\" data-element_type=\"widget\" data-widget_type=\"text-editor.default\">\n\t\t\t\t<div class=\"elementor-widget-container\">\n\t\t\t\t\t\t\t<h4>Por favor <a href=\"https:\/\/we-r-health.com\/es\/contact\/\">Contacta con nosotros<\/a> Para m\u00e1s detalles si est\u00e1s interesado en registrarte para convertirte en socio.<\/h4><h4>\u00a1Gracias por su inter\u00e9s y apoyo!<\/h4>\t\t\t\t\t\t<\/div>\n\t\t\t\t<\/div>\n\t\t\t\t\t<\/div>\n\t\t\t\t<\/div>\n\t\t\t\t<\/div>","protected":false},"excerpt":{"rendered":"<p>Become our partner Two main themes in life are:\u00a0health and wealth. Wealth without health results in zero (no time to enjoy it). Health without wealth leads to boring and frustrating life.\u00a0 Wellness Earthing, LLC (WE) is an employee-owned company specialized in online health education and wellness advocate, by promoting good and innovative health and wellness [&hellip;]<\/p>","protected":false},"author":1,"featured_media":21775,"parent":0,"menu_order":40,"comment_status":"closed","ping_status":"closed","template":"elementor_header_footer","meta":{"jetpack_post_was_ever_published":false,"footnotes":""},"class_list":["post-17258","page","type-page","status-publish","has-post-thumbnail","hentry"],"blocksy_meta":[],"acf":[],"jetpack_sharing_enabled":true,"_links":{"self":[{"href":"https:\/\/we-r-health.com\/es\/wp-json\/wp\/v2\/pages\/17258"}],"collection":[{"href":"https:\/\/we-r-health.com\/es\/wp-json\/wp\/v2\/pages"}],"about":[{"href":"https:\/\/we-r-health.com\/es\/wp-json\/wp\/v2\/types\/page"}],"author":[{"embeddable":true,"href":"https:\/\/we-r-health.com\/es\/wp-json\/wp\/v2\/users\/1"}],"replies":[{"embeddable":true,"href":"https:\/\/we-r-health.com\/es\/wp-json\/wp\/v2\/comments?post=17258"}],"version-history":[{"count":20,"href":"https:\/\/we-r-health.com\/es\/wp-json\/wp\/v2\/pages\/17258\/revisions"}],"predecessor-version":[{"id":21933,"href":"https:\/\/we-r-health.com\/es\/wp-json\/wp\/v2\/pages\/17258\/revisions\/21933"}],"wp:featuredmedia":[{"embeddable":true,"href":"https:\/\/we-r-health.com\/es\/wp-json\/wp\/v2\/media\/21775"}],"wp:attachment":[{"href":"https:\/\/we-r-health.com\/es\/wp-json\/wp\/v2\/media?parent=17258"}],"curies":[{"name":"wp","href":"https:\/\/api.w.org\/{rel}","templated":true}]}}