{"id":21007,"date":"2023-10-11T07:02:27","date_gmt":"2023-10-11T07:02:27","guid":{"rendered":"https:\/\/we-r-health.com\/?page_id=21007"},"modified":"2023-10-11T07:43:46","modified_gmt":"2023-10-11T07:43:46","slug":"earthing-shoes","status":"publish","type":"page","link":"https:\/\/we-r-health.com\/es\/earthing-shoes\/","title":{"rendered":"Zapatos de conexi\u00f3n a tierra"},"content":{"rendered":"<div data-elementor-type=\"wp-page\" data-elementor-id=\"21007\" class=\"elementor elementor-21007\" data-elementor-post-type=\"page\">\n\t\t\t\t<div data-dce-background-overlay-color=\"#000000\" class=\"elementor-element elementor-element-44c84271 e-con-full e-flex e-con e-parent\" data-id=\"44c84271\" data-element_type=\"container\" data-settings=\"{&quot;background_background&quot;:&quot;classic&quot;}\">\n\t\t<div class=\"elementor-element elementor-element-59c4c0bf e-flex e-con-boxed e-con e-child\" data-id=\"59c4c0bf\" data-element_type=\"container\">\n\t\t\t\t\t<div class=\"e-con-inner\">\n\t\t\t\t<div class=\"elementor-element elementor-element-b474b4a elementor-widget__width-initial elementor-widget-mobile__width-inherit elementor-widget elementor-widget-text-editor\" data-id=\"b474b4a\" data-element_type=\"widget\" data-widget_type=\"text-editor.default\">\n\t\t\t\t<div class=\"elementor-widget-container\">\n\t\t\t<style>\/*! elementor - v3.21.0 - 08-05-2024 *\/\n.elementor-widget-text-editor.elementor-drop-cap-view-stacked .elementor-drop-cap{background-color:#69727d;color:#fff}.elementor-widget-text-editor.elementor-drop-cap-view-framed .elementor-drop-cap{color:#69727d;border:3px solid;background-color:transparent}.elementor-widget-text-editor:not(.elementor-drop-cap-view-default) .elementor-drop-cap{margin-top:8px}.elementor-widget-text-editor:not(.elementor-drop-cap-view-default) .elementor-drop-cap-letter{width:1em;height:1em}.elementor-widget-text-editor .elementor-drop-cap{float:left;text-align:center;line-height:1;font-size:50px}.elementor-widget-text-editor .elementor-drop-cap-letter{display:inline-block}<\/style>\t\t\t\t<p>Con\u00e9ctate con la Tierra y recarga tu alma con cada paso: experimenta la m\u00e1xima comodidad y bienestar con nuestros zapatos Earthing.<\/p><p>Nuestros zapatos de conexi\u00f3n a tierra ofrecen una forma \u00fanica e innovadora de conectarse con la energ\u00eda natural de la Tierra mientras camina. Estos zapatos est\u00e1n dise\u00f1ados con una suela conductora que le permite conectarse a la Tierra, lo que promueve un mejor equilibrio, reduce la inflamaci\u00f3n y mejora el bienestar general. Con cada paso que da, nuestros zapatos de conexi\u00f3n a tierra brindan una forma c\u00f3moda y natural de recargar su alma y mantenerse conectado con la Tierra.\u00a0<\/p>\t\t\t\t\t\t<\/div>\n\t\t\t\t<\/div>\n\t\t\t\t<div class=\"elementor-element elementor-element-408e90a9 elementor-widget elementor-widget-html\" data-id=\"408e90a9\" data-element_type=\"widget\" data-widget_type=\"html.default\">\n\t\t\t\t<div class=\"elementor-widget-container\">\n\t\t\t<script>\njQuery(document).ready(function($) {\nvar delay = 100; setTimeout(function() {\n$('.elementor-tab-title').removeClass('elementor-active');\n $('.elementor-tab-content').css('display', 'none'); }, delay);\n});\n<\/script>\t\t<\/div>\n\t\t\t\t<\/div>\n\t\t\t\t<div class=\"elementor-element elementor-element-2df9b60d elementor-widget__width-initial elementor-widget-mobile__width-inherit elementor-widget elementor-widget-accordion\" data-id=\"2df9b60d\" data-element_type=\"widget\" data-widget_type=\"accordion.default\">\n\t\t\t\t<div class=\"elementor-widget-container\">\n\t\t\t<style>\/*! elementor - v3.21.0 - 08-05-2024 *\/\n.elementor-accordion{text-align:start}.elementor-accordion .elementor-accordion-item{border:1px solid #d5d8dc}.elementor-accordion .elementor-accordion-item+.elementor-accordion-item{border-top:none}.elementor-accordion .elementor-tab-title{margin:0;padding:15px 20px;font-weight:700;line-height:1;cursor:pointer;outline:none}.elementor-accordion .elementor-tab-title .elementor-accordion-icon{display:inline-block;width:1.5em}.elementor-accordion .elementor-tab-title .elementor-accordion-icon svg{width:1em;height:1em}.elementor-accordion .elementor-tab-title .elementor-accordion-icon.elementor-accordion-icon-right{float:right;text-align:right}.elementor-accordion .elementor-tab-title .elementor-accordion-icon.elementor-accordion-icon-left{float:left;text-align:left}.elementor-accordion .elementor-tab-title .elementor-accordion-icon .elementor-accordion-icon-closed{display:block}.elementor-accordion .elementor-tab-title .elementor-accordion-icon .elementor-accordion-icon-opened,.elementor-accordion .elementor-tab-title.elementor-active .elementor-accordion-icon-closed{display:none}.elementor-accordion .elementor-tab-title.elementor-active .elementor-accordion-icon-opened{display:block}.elementor-accordion .elementor-tab-content{display:none;padding:15px 20px;border-top:1px solid #d5d8dc}@media (max-width:767px){.elementor-accordion .elementor-tab-title{padding:12px 15px}.elementor-accordion .elementor-tab-title .elementor-accordion-icon{width:1.2em}.elementor-accordion .elementor-tab-content{padding:7px 15px}}.e-con-inner>.elementor-widget-accordion,.e-con>.elementor-widget-accordion{width:var(--container-widget-width);--flex-grow:var(--container-widget-flex-grow)}<\/style>\t\t<div class=\"elementor-accordion\">\n\t\t\t\t\t\t\t<div class=\"elementor-accordion-item\">\n\t\t\t\t\t<div id=\"elementor-tab-title-7711\" class=\"elementor-tab-title\" data-tab=\"1\" role=\"button\" aria-controls=\"elementor-tab-content-7711\" aria-expanded=\"false\">\n\t\t\t\t\t\t\t\t\t\t\t\t\t<span class=\"elementor-accordion-icon elementor-accordion-icon-left\" aria-hidden=\"true\">\n\t\t\t\t\t\t\t\t\t\t\t\t\t\t\t<span class=\"elementor-accordion-icon-closed\"><svg class=\"e-font-icon-svg e-fas-plus\" viewbox=\"0 0 448 512\" xmlns=\"http:\/\/www.w3.org\/2000\/svg\"><path d=\"M416 208H272V64c0-17.67-14.33-32-32-32h-32c-17.67 0-32 14.33-32 32v144H32c-17.67 0-32 14.33-32 32v32c0 17.67 14.33 32 32 32h144v144c0 17.67 14.33 32 32 32h32c17.67 0 32-14.33 32-32V304h144c17.67 0 32-14.33 32-32v-32c0-17.67-14.33-32-32-32z\"><\/path><\/svg><\/span>\n\t\t\t\t\t\t\t\t<span class=\"elementor-accordion-icon-opened\"><svg class=\"e-font-icon-svg e-fas-minus\" viewbox=\"0 0 448 512\" xmlns=\"http:\/\/www.w3.org\/2000\/svg\"><path d=\"M416 208H32c-17.67 0-32 14.33-32 32v32c0 17.67 14.33 32 32 32h384c17.67 0 32-14.33 32-32v-32c0-17.67-14.33-32-32-32z\"><\/path><\/svg><\/span>\n\t\t\t\t\t\t\t\t\t\t\t\t\t\t<\/span>\n\t\t\t\t\t\t\t\t\t\t\t\t<a class=\"elementor-accordion-title\" tabindex=\"0\">\u00bfQu\u00e9 es la conexi\u00f3n a tierra?<\/a>\n\t\t\t\t\t<\/div>\n\t\t\t\t\t<div id=\"elementor-tab-content-7711\" class=\"elementor-tab-content elementor-clearfix\" data-tab=\"1\" role=\"region\" aria-labelledby=\"elementor-tab-title-7711\"><p>La conexi\u00f3n a tierra o grounding se refiere al proceso de conectar nuestro cuerpo a la tierra, para lograr un estado neutro\/equilibrado en el interior para un mejor estado de salud.<\/p><p>Modernization has exposed us to more electromagnetic fields (EMF), radiation, Wi-Fi, high-rising buildings away from the Earth, which create more health hazards, inflammation and diseases! In direct contact with earth, grounding, your body becomes suffused with negative-charged free electrons and balances itself out.<\/p><p>Barefoot has always been the conventional way of grounding, but it is not realistic to be barefoot as our bodies were intended in these modern times. WE have found high quality, affordable grounding shoes that help us to overcome the burden of barefoot. In addition, there are many other products that can help us connect with the earth frequently. Through the grounding feature within our electric wire at home, these earthing products can allow us to ground to the Earth easily in daily life.<\/p><\/div>\n\t\t\t\t<\/div>\n\t\t\t\t\t\t\t\t\t\t<script type=\"application\/ld+json\">{\"@context\":\"https:\\\/\\\/schema.org\",\"@type\":\"FAQPage\",\"mainEntity\":[{\"@type\":\"Question\",\"name\":\"What is Earthing?\",\"acceptedAnswer\":{\"@type\":\"Answer\",\"text\":\"<p>Earthing or grounding refers to the process of connecting our body to the earth, so as to bring a neutral \\\/balanced state inside for better health status.<\\\/p><p>Modernization has exposed us to more electromagnetic fields (EMF), radiation, Wi-Fi, high-rising buildings away from the Earth, which create more health hazards, inflammation and diseases! In direct contact with earth, grounding, your body becomes suffused with negative-charged free electrons and balances itself out.<\\\/p><p>Barefoot has always been the conventional way of grounding, but it is not realistic to be barefoot as our bodies were intended in these modern times. WE have found high quality, affordable grounding shoes that help us to overcome the burden of barefoot. In addition, there are many other products that can help us connect with the earth frequently. Through the grounding feature within our electric wire at home, these earthing products can allow us to ground to the Earth easily in daily life.<\\\/p>\"}}]}<\/script>\n\t\t\t\t\t<\/div>\n\t\t\t\t<\/div>\n\t\t\t\t<\/div>\n\t\t\t\t\t<\/div>\n\t\t\t\t<\/div>\n\t\t\t\t<\/div>\n\t\t<div class=\"elementor-element elementor-element-1bb8bd0b e-flex e-con-boxed e-con e-parent\" data-id=\"1bb8bd0b\" data-element_type=\"container\">\n\t\t\t\t\t<div class=\"e-con-inner\">\n\t\t\t\t<div class=\"elementor-element elementor-element-69944d90 elementor-widget elementor-widget-woocommerce-breadcrumb\" data-id=\"69944d90\" data-element_type=\"widget\" data-widget_type=\"woocommerce-breadcrumb.default\">\n\t\t\t\t<div class=\"elementor-widget-container\">\n\t\t\t<link rel=\"stylesheet\" href=\"https:\/\/we-r-health.com\/wp-content\/plugins\/elementor-pro\/assets\/css\/widget-woocommerce.min.css\"><nav class=\"woocommerce-breadcrumb\" aria-label=\"Breadcrumb\" data-no-translation=\"\" data-trp-gettext=\"\">Hogar<\/nav>\t\t<\/div>\n\t\t\t\t<\/div>\n\t\t\t\t\t<\/div>\n\t\t\t\t<\/div>\n\t\t<div data-dce-background-color=\"#FBFCFC\" class=\"elementor-element elementor-element-fc3fd24 e-flex e-con-boxed e-con e-parent\" data-id=\"fc3fd24\" data-element_type=\"container\" data-settings=\"{&quot;background_background&quot;:&quot;classic&quot;}\">\n\t\t\t\t\t<div class=\"e-con-inner\">\n\t\t\t\t<div class=\"elementor-element elementor-element-5cc06a00 elementor-widget__width-initial elementor-widget-mobile__width-inherit elementor-products-grid elementor-wc-products elementor-show-pagination-border-yes elementor-widget elementor-widget-wc-archive-products\" data-id=\"5cc06a00\" data-element_type=\"widget\" data-widget_type=\"wc-archive-products.default\">\n\t\t\t\t<div class=\"elementor-widget-container\">\n\t\t\t<div class=\"elementor-nothing-found elementor-products-nothing-found\">It seems we can&#039;t find what you&#039;re looking for.<\/div>\t\t<\/div>\n\t\t\t\t<\/div>\n\t\t<div class=\"elementor-element elementor-element-5bb77fc9 e-flex e-con-boxed e-con e-child\" data-id=\"5bb77fc9\" data-element_type=\"container\">\n\t\t\t\t\t<div class=\"e-con-inner\">\n\t\t\t\t<div class=\"elementor-element elementor-element-37d4ad99 elementor-widget__width-initial elementor-widget elementor-widget-wp-widget-woocommerce_product_categories\" data-id=\"37d4ad99\" data-element_type=\"widget\" data-widget_type=\"wp-widget-woocommerce_product_categories.default\">\n\t\t\t\t<div class=\"elementor-widget-container\">\n\t\t\t<div class=\"woocommerce widget_product_categories\"><h5>Categor\u00edas de productos<\/h5><select  name='product_cat' id='product_cat' class='dropdown_product_cat'>\n\t<option value='' selected='selected' data-no-translation=\"\" data-trp-gettext=\"\">Seleccione una categor\u00eda<\/option>\n\t<option class=\"level-0\" value=\"earthing-goods\">Bienes de puesta a tierra (10)<\/option>\n\t<option class=\"level-0\" value=\"earthing-shoes\">Zapatos de conexi\u00f3n a tierra (14)<\/option>\n\t<option class=\"level-0\" value=\"home-plants\">Plantas de interior\u00a0\u00a0(0)<\/option>\n\t<option class=\"level-0\" value=\"massage-shoes\">Zapatos de masaje (20)<\/option>\n\t<option class=\"level-0\" value=\"office-plants\">Plantas de oficina\u00a0(0)<\/option>\n\t<option class=\"level-0\" value=\"uncategorized\">Sin categorizar\u00a0\u00a0(0)<\/option>\n\t<option class=\"level-0\" value=\"wellness-goods\">Productos de bienestar (17)<\/option>\n\t<option class=\"level-0\" value=\"fsww-wallet-credit\">Cr\u00e9dito de billetera WooCommerce (0)<\/option>\n<\/select>\n<\/div>\t\t<\/div>\n\t\t\t\t<\/div>\n\t\t\t\t\t<\/div>\n\t\t\t\t<\/div>\n\t\t\t\t\t<\/div>\n\t\t\t\t<\/div>\n\t\t<div data-dce-background-color=\"#0000000D\" class=\"elementor-element elementor-element-540a291f e-flex e-con-boxed e-con e-parent\" data-id=\"540a291f\" data-element_type=\"container\" data-settings=\"{&quot;background_background&quot;:&quot;classic&quot;}\">\n\t\t\t\t\t<div class=\"e-con-inner\">\n\t\t\t\t<div class=\"elementor-element elementor-element-92d1c72 elementor-widget elementor-widget-heading\" data-id=\"92d1c72\" data-element_type=\"widget\" data-widget_type=\"heading.default\">\n\t\t\t\t<div class=\"elementor-widget-container\">\n\t\t\t<style>\/*! elementor - v3.21.0 - 08-05-2024 *\/\n.elementor-heading-title{padding:0;margin:0;line-height:1}.elementor-widget-heading .elementor-heading-title[class*=elementor-size-]>a{color:inherit;font-size:inherit;line-height:inherit}.elementor-widget-heading .elementor-heading-title.elementor-size-small{font-size:15px}.elementor-widget-heading .elementor-heading-title.elementor-size-medium{font-size:19px}.elementor-widget-heading .elementor-heading-title.elementor-size-large{font-size:29px}.elementor-widget-heading .elementor-heading-title.elementor-size-xl{font-size:39px}.elementor-widget-heading .elementor-heading-title.elementor-size-xxl{font-size:59px}<\/style><h2 class=\"elementor-heading-title elementor-size-default\">Productos relacionados <\/h2>\t\t<\/div>\n\t\t\t\t<\/div>\n\t\t\t\t<div class=\"elementor-element elementor-element-634f427a elementor-grid-4 elementor-grid-tablet-3 elementor-grid-mobile-2 elementor-products-grid elementor-wc-products elementor-widget elementor-widget-woocommerce-products\" data-id=\"634f427a\" data-element_type=\"widget\" data-widget_type=\"woocommerce-products.default\">\n\t\t\t\t<div class=\"elementor-widget-container\">\n\t\t\t<div class=\"woocommerce columns-4\"><ul data-products=\"type-2\" data-hover=\"zoom-in\" class=\"products columns-4\">\n<li class=\"product type-product post-21864 status-publish first instock product_cat-moxibustion-goods product_cat-other-wellness-goods product_cat-wellness-goods product_tag-adjustable-belt product_tag-cannisters product_tag-copper product_tag-moxibustion has-post-thumbnail taxable shipping-taxable purchasable product-type-variable\">\n\t<a href=\"https:\/\/we-r-health.com\/es\/producto\/moxibustion-belt-2\/\" class=\"woocommerce-LoopProduct-link woocommerce-loop-product__link\"><img fetchpriority=\"high\" decoding=\"async\" width=\"300\" height=\"300\" src=\"https:\/\/we-r-health.com\/wp-content\/uploads\/2024\/04\/Image_20240503183341-300x300.webp\" class=\"attachment-woocommerce_thumbnail size-woocommerce_thumbnail\" alt=\"\" srcset=\"https:\/\/we-r-health.com\/wp-content\/uploads\/2024\/04\/Image_20240503183341-300x300.webp 300w, https:\/\/we-r-health.com\/wp-content\/uploads\/2024\/04\/Image_20240503183341-150x150.webp 150w, https:\/\/we-r-health.com\/wp-content\/uploads\/2024\/04\/Image_20240503183341-768x768.webp 768w, https:\/\/we-r-health.com\/wp-content\/uploads\/2024\/04\/Image_20240503183341-12x12.webp 12w, https:\/\/we-r-health.com\/wp-content\/uploads\/2024\/04\/Image_20240503183341-600x600.webp 600w, https:\/\/we-r-health.com\/wp-content\/uploads\/2024\/04\/Image_20240503183341-100x100.webp 100w, https:\/\/we-r-health.com\/wp-content\/uploads\/2024\/04\/Image_20240503183341.webp 800w\" sizes=\"(max-width: 300px) 100vw, 300px\" \/><h2 class=\"woocommerce-loop-product__title\">Cintur\u00f3n de moxibusti\u00f3n<\/h2>\n\t<span class=\"price\" data-no-translation=\"\" data-trp-gettext=\"\"><span class=\"woocommerce-Price-amount amount\"><bdi><span class=\"woocommerce-Price-currencySymbol\">&#36;<\/span>11.99<\/bdi><\/span> &ndash; <span class=\"woocommerce-Price-amount amount\"><bdi><span class=\"woocommerce-Price-currencySymbol\">&#36;<\/span>49.99<\/bdi><\/span><\/span>\n<\/a><a href=\"https:\/\/we-r-health.com\/es\/producto\/moxibustion-belt-2\/\" data-quantity=\"1\" class=\"button product_type_variable add_to_cart_button\" data-product_id=\"21864\" data-product_sku=\"\" aria-label=\"Seleccionar opciones\" aria-describedby=\"Este producto tiene m\u00faltiples variantes. Las opciones se pueden elegir en la p\u00e1gina de producto\" rel=\"nofollow\" data-no-translation=\"\" data-trp-gettext=\"\" data-no-translation-aria-label=\"\" data-no-translation-aria-describedby=\"\">Seleccionar opciones<\/a><\/li>\n<li class=\"product type-product post-19959 status-publish instock product_cat-earthing-shoes product_cat-womens-earthing-shoes has-post-thumbnail taxable shipping-taxable purchasable product-type-variable\">\n\t<a href=\"https:\/\/we-r-health.com\/es\/producto\/ellie\/\" class=\"woocommerce-LoopProduct-link woocommerce-loop-product__link\"><img decoding=\"async\" width=\"300\" height=\"300\" src=\"https:\/\/we-r-health.com\/wp-content\/uploads\/2023\/06\/IMG-1600-300x300.jpg\" class=\"attachment-woocommerce_thumbnail size-woocommerce_thumbnail\" alt=\"\" srcset=\"https:\/\/we-r-health.com\/wp-content\/uploads\/2023\/06\/IMG-1600-300x300.jpg 300w, https:\/\/we-r-health.com\/wp-content\/uploads\/2023\/06\/IMG-1600-100x100.jpg 100w, https:\/\/we-r-health.com\/wp-content\/uploads\/2023\/06\/IMG-1600-150x150.jpg 150w\" sizes=\"(max-width: 300px) 100vw, 300px\" \/><h2 class=\"woocommerce-loop-product__title\">Ellie<\/h2>\n\t<span class=\"price\"><span class=\"woocommerce-Price-amount amount\"><bdi><span class=\"woocommerce-Price-currencySymbol\">&#36;<\/span>74.97<\/bdi><\/span><\/span>\n<\/a><a href=\"https:\/\/we-r-health.com\/es\/producto\/ellie\/\" data-quantity=\"1\" class=\"button product_type_variable add_to_cart_button\" data-product_id=\"19959\" data-product_sku=\"1140\" aria-label=\"Seleccionar opciones\" aria-describedby=\"Este producto tiene m\u00faltiples variantes. Las opciones se pueden elegir en la p\u00e1gina de producto\" rel=\"nofollow\" data-no-translation=\"\" data-trp-gettext=\"\" data-no-translation-aria-label=\"\" data-no-translation-aria-describedby=\"\">Seleccionar opciones<\/a><\/li>\n<li class=\"product type-product post-19953 status-publish instock product_cat-earthing-shoes product_cat-womens-earthing-shoes has-post-thumbnail taxable shipping-taxable purchasable product-type-variable\">\n\t<a href=\"https:\/\/we-r-health.com\/es\/producto\/clara-platform-shoe\/\" class=\"woocommerce-LoopProduct-link woocommerce-loop-product__link\"><img decoding=\"async\" width=\"300\" height=\"300\" src=\"https:\/\/we-r-health.com\/wp-content\/uploads\/2023\/06\/8277c82cd476bcfc6130df057bf6cb52-300x300.jpg\" class=\"attachment-woocommerce_thumbnail size-woocommerce_thumbnail\" alt=\"\" srcset=\"https:\/\/we-r-health.com\/wp-content\/uploads\/2023\/06\/8277c82cd476bcfc6130df057bf6cb52-300x300.jpg 300w, https:\/\/we-r-health.com\/wp-content\/uploads\/2023\/06\/8277c82cd476bcfc6130df057bf6cb52-100x100.jpg 100w, https:\/\/we-r-health.com\/wp-content\/uploads\/2023\/06\/8277c82cd476bcfc6130df057bf6cb52-150x150.jpg 150w\" sizes=\"(max-width: 300px) 100vw, 300px\" \/><h2 class=\"woocommerce-loop-product__title\">Zapato de plataforma Clara<\/h2>\n\t<span class=\"price\"><span class=\"woocommerce-Price-amount amount\"><bdi><span class=\"woocommerce-Price-currencySymbol\">&#36;<\/span>89.00<\/bdi><\/span><\/span>\n<\/a><a href=\"https:\/\/we-r-health.com\/es\/producto\/clara-platform-shoe\/\" data-quantity=\"1\" class=\"button product_type_variable add_to_cart_button\" data-product_id=\"19953\" data-product_sku=\"1138\" aria-label=\"Seleccionar opciones\" aria-describedby=\"Este producto tiene m\u00faltiples variantes. Las opciones se pueden elegir en la p\u00e1gina de producto\" rel=\"nofollow\" data-no-translation=\"\" data-trp-gettext=\"\" data-no-translation-aria-label=\"\" data-no-translation-aria-describedby=\"\">Seleccionar opciones<\/a><\/li>\n<li class=\"product type-product post-19944 status-publish last instock product_cat-earthing-shoes product_cat-womens-earthing-shoes has-post-thumbnail taxable shipping-taxable purchasable product-type-variable\">\n\t<a href=\"https:\/\/we-r-health.com\/es\/producto\/zelle\/\" class=\"woocommerce-LoopProduct-link woocommerce-loop-product__link\"><img loading=\"lazy\" decoding=\"async\" width=\"300\" height=\"300\" src=\"https:\/\/we-r-health.com\/wp-content\/uploads\/2023\/06\/2e9b590fae7d8a7bb69a3d46e2d8b807-300x300.jpg\" class=\"attachment-woocommerce_thumbnail size-woocommerce_thumbnail\" alt=\"\" srcset=\"https:\/\/we-r-health.com\/wp-content\/uploads\/2023\/06\/2e9b590fae7d8a7bb69a3d46e2d8b807-300x300.jpg 300w, https:\/\/we-r-health.com\/wp-content\/uploads\/2023\/06\/2e9b590fae7d8a7bb69a3d46e2d8b807-100x100.jpg 100w, https:\/\/we-r-health.com\/wp-content\/uploads\/2023\/06\/2e9b590fae7d8a7bb69a3d46e2d8b807-150x150.jpg 150w\" sizes=\"(max-width: 300px) 100vw, 300px\" \/><h2 class=\"woocommerce-loop-product__title\">Zelle<\/h2>\n\t<span class=\"price\"><span class=\"woocommerce-Price-amount amount\"><bdi><span class=\"woocommerce-Price-currencySymbol\">&#36;<\/span>84.97<\/bdi><\/span><\/span>\n<\/a><a href=\"https:\/\/we-r-health.com\/es\/producto\/zelle\/\" data-quantity=\"1\" class=\"button product_type_variable add_to_cart_button\" data-product_id=\"19944\" data-product_sku=\"1141\" aria-label=\"Seleccionar opciones\" aria-describedby=\"Este producto tiene m\u00faltiples variantes. Las opciones se pueden elegir en la p\u00e1gina de producto\" rel=\"nofollow\" data-no-translation=\"\" data-trp-gettext=\"\" data-no-translation-aria-label=\"\" data-no-translation-aria-describedby=\"\">Seleccionar opciones<\/a><\/li>\n<\/ul>\n<\/div>\t\t<\/div>\n\t\t\t\t<\/div>\n\t\t\t\t\t<\/div>\n\t\t\t\t<\/div>\n\t\t\t\t<\/div>","protected":false},"excerpt":{"rendered":"<p>Connect with the Earth and Recharge your Soul with Every Step &#8211; Experience the Ultimate Comfort and Wellness with Our Earthing Shoes&#8217; Our earthing shoes offer a unique and innovative way to connect with the Earth&#8217;s natural energy while walking. These shoes are designed with a conductive sole that allows you to ground yourself to [&hellip;]<\/p>","protected":false},"author":1,"featured_media":0,"parent":0,"menu_order":17,"comment_status":"closed","ping_status":"closed","template":"elementor_header_footer","meta":{"jetpack_post_was_ever_published":false,"footnotes":""},"class_list":["post-21007","page","type-page","status-publish","hentry"],"blocksy_meta":[],"acf":[],"jetpack_sharing_enabled":true,"_links":{"self":[{"href":"https:\/\/we-r-health.com\/es\/wp-json\/wp\/v2\/pages\/21007"}],"collection":[{"href":"https:\/\/we-r-health.com\/es\/wp-json\/wp\/v2\/pages"}],"about":[{"href":"https:\/\/we-r-health.com\/es\/wp-json\/wp\/v2\/types\/page"}],"author":[{"embeddable":true,"href":"https:\/\/we-r-health.com\/es\/wp-json\/wp\/v2\/users\/1"}],"replies":[{"embeddable":true,"href":"https:\/\/we-r-health.com\/es\/wp-json\/wp\/v2\/comments?post=21007"}],"version-history":[{"count":8,"href":"https:\/\/we-r-health.com\/es\/wp-json\/wp\/v2\/pages\/21007\/revisions"}],"predecessor-version":[{"id":21022,"href":"https:\/\/we-r-health.com\/es\/wp-json\/wp\/v2\/pages\/21007\/revisions\/21022"}],"wp:attachment":[{"href":"https:\/\/we-r-health.com\/es\/wp-json\/wp\/v2\/media?parent=21007"}],"curies":[{"name":"wp","href":"https:\/\/api.w.org\/{rel}","templated":true}]}}