{"id":1183,"date":"2023-03-11T20:27:07","date_gmt":"2023-03-11T20:27:07","guid":{"rendered":"https:\/\/we-r-health.com\/?post_type=product&#038;p=1183"},"modified":"2024-05-31T17:42:45","modified_gmt":"2024-05-31T17:42:45","slug":"fisher-comfort-shoes","status":"publish","type":"product","link":"https:\/\/we-r-health.com\/es\/producto\/fisher-comfort-shoes\/","title":{"rendered":"Zapatos Fisher Comfort"},"content":{"rendered":"<p class=\"p1\"><b>Un calzado de malla c\u00f3modo que se adapta suavemente a tus pies. Disponible en tres colores: blanco, negro y burdeos.<\/b><\/p>\n<p class=\"p1\"><b>Este estilo es un zapato muy c\u00f3modo con un ancho regular hecho para la poblaci\u00f3n en general, sin embargo, este zapato es muy reconfortante, su dise\u00f1o sin restricciones permite la comodidad incluso para aquellos que tienen algo de hinchaz\u00f3n o aquellos con pies m\u00e1s anchos para poder disfrutar del aire libre mientras reciben los beneficios de la conexi\u00f3n a tierra.<\/b><\/p>\n<p><img decoding=\"async\" src=\"https:\/\/we-r-health.com\/wp-content\/uploads\/2023\/07\/3.jpg\" \/><\/p>","protected":false},"excerpt":{"rendered":"<p>A comfortable mesh shoe that gently hugs your feet. Comes in three colors White, Black and Burgundy. This style is a very comfortable shoe with a regular width made for the general population in mind however this shoe is so comforting, its nonrestrictive design allows for comfort even for those that have some swelling or [&hellip;]<\/p>","protected":false},"featured_media":17640,"comment_status":"closed","ping_status":"closed","template":"","meta":{"jetpack_post_was_ever_published":false},"product_cat":[24,41,26],"product_tag":[25],"class_list":{"0":"post-1183","1":"product","2":"type-product","3":"status-publish","4":"has-post-thumbnail","6":"product_cat-earthing-shoes","7":"product_cat-mens-earthing-shoes","8":"product_cat-womens-earthing-shoes","9":"product_tag-earthing-shoes","11":"first","12":"instock","13":"taxable","14":"shipping-taxable","15":"purchasable","16":"product-type-variable"},"acf":[],"jetpack_sharing_enabled":true,"_links":{"self":[{"href":"https:\/\/we-r-health.com\/es\/wp-json\/wp\/v2\/product\/1183"}],"collection":[{"href":"https:\/\/we-r-health.com\/es\/wp-json\/wp\/v2\/product"}],"about":[{"href":"https:\/\/we-r-health.com\/es\/wp-json\/wp\/v2\/types\/product"}],"replies":[{"embeddable":true,"href":"https:\/\/we-r-health.com\/es\/wp-json\/wp\/v2\/comments?post=1183"}],"wp:featuredmedia":[{"embeddable":true,"href":"https:\/\/we-r-health.com\/es\/wp-json\/wp\/v2\/media\/17640"}],"wp:attachment":[{"href":"https:\/\/we-r-health.com\/es\/wp-json\/wp\/v2\/media?parent=1183"}],"wp:term":[{"taxonomy":"product_cat","embeddable":true,"href":"https:\/\/we-r-health.com\/es\/wp-json\/wp\/v2\/product_cat?post=1183"},{"taxonomy":"product_tag","embeddable":true,"href":"https:\/\/we-r-health.com\/es\/wp-json\/wp\/v2\/product_tag?post=1183"}],"curies":[{"name":"wp","href":"https:\/\/api.w.org\/{rel}","templated":true}]}}