{"id":1186,"date":"2023-03-11T20:27:08","date_gmt":"2023-03-11T20:27:08","guid":{"rendered":"https:\/\/we-r-health.com\/?post_type=product&#038;p=1186"},"modified":"2024-05-31T17:42:20","modified_gmt":"2024-05-31T17:42:20","slug":"luna-boot","status":"publish","type":"product","link":"https:\/\/we-r-health.com\/es\/producto\/luna-boot\/","title":{"rendered":"Bota Luna"},"content":{"rendered":"<p>Elige tu estilo de zapato de puesta a tierra favorito y deja que tus pies besen la tierra para lograr el efecto de caminar descalzo. Puede liberar electricidad est\u00e1tica del cuerpo a la tierra, los electrones libres de la tierra pueden ser conducidos al cuerpo humano a trav\u00e9s de la suela. con material nano conductor integrado en una suela electrost\u00e1tica conductora no aislada.<\/p>\n<p>&nbsp;<\/p>","protected":false},"excerpt":{"rendered":"<p>Bota de mujer de piel sint\u00e9tica con cierre de cremallera. \u00a1Disfruta de los beneficios de la conexi\u00f3n a tierra con estilo con estas adorables botas!<\/p>","protected":false},"featured_media":1219,"comment_status":"closed","ping_status":"closed","template":"","meta":{"jetpack_post_was_ever_published":false},"product_cat":[24,26],"product_tag":[25],"class_list":{"0":"post-1186","1":"product","2":"type-product","3":"status-publish","4":"has-post-thumbnail","6":"product_cat-earthing-shoes","7":"product_cat-womens-earthing-shoes","8":"product_tag-earthing-shoes","10":"first","11":"instock","12":"taxable","13":"shipping-taxable","14":"purchasable","15":"product-type-variable"},"acf":[],"jetpack_sharing_enabled":true,"_links":{"self":[{"href":"https:\/\/we-r-health.com\/es\/wp-json\/wp\/v2\/product\/1186"}],"collection":[{"href":"https:\/\/we-r-health.com\/es\/wp-json\/wp\/v2\/product"}],"about":[{"href":"https:\/\/we-r-health.com\/es\/wp-json\/wp\/v2\/types\/product"}],"replies":[{"embeddable":true,"href":"https:\/\/we-r-health.com\/es\/wp-json\/wp\/v2\/comments?post=1186"}],"wp:featuredmedia":[{"embeddable":true,"href":"https:\/\/we-r-health.com\/es\/wp-json\/wp\/v2\/media\/1219"}],"wp:attachment":[{"href":"https:\/\/we-r-health.com\/es\/wp-json\/wp\/v2\/media?parent=1186"}],"wp:term":[{"taxonomy":"product_cat","embeddable":true,"href":"https:\/\/we-r-health.com\/es\/wp-json\/wp\/v2\/product_cat?post=1186"},{"taxonomy":"product_tag","embeddable":true,"href":"https:\/\/we-r-health.com\/es\/wp-json\/wp\/v2\/product_tag?post=1186"}],"curies":[{"name":"wp","href":"https:\/\/api.w.org\/{rel}","templated":true}]}}