{"id":1197,"date":"2023-03-11T20:27:09","date_gmt":"2023-03-11T20:27:09","guid":{"rendered":"https:\/\/we-r-health.com\/?post_type=product&#038;p=1197"},"modified":"2023-04-23T21:54:52","modified_gmt":"2023-04-23T21:54:52","slug":"dark-grey-copper-fiber-grounding-socks-2-pairs","status":"publish","type":"product","link":"https:\/\/we-r-health.com\/es\/producto\/dark-grey-copper-fiber-grounding-socks-2-pairs\/","title":{"rendered":"Calcetines de conexi\u00f3n a tierra de fibra de cobre de color gris oscuro (2 pares)"},"content":{"rendered":"<p>La conexi\u00f3n a tierra requiere estar conectado con la Tierra. Para aprovechar al m\u00e1ximo su experiencia de conexi\u00f3n a tierra, hemos creado calcetines que se adaptan a nuestros zapatos para obtener todos los beneficios para la salud.<\/p>\n<p>A trav\u00e9s de pruebas despu\u00e9s de 100 lavados, este calcet\u00edn mantuvo una tasa antibacteriana del 99%.<\/p>","protected":false},"excerpt":{"rendered":"<p>Earthing requires being connected to the Earth. To get the most out of your Earthing experience we have created socks to work with our shoes to attain the full health benefits. Through testing after 100 washes This sock maintained a 99% Antibacterial rate.<\/p>","protected":false},"featured_media":1247,"comment_status":"closed","ping_status":"closed","template":"","meta":{"jetpack_post_was_ever_published":false},"product_cat":[29,1669,34],"product_tag":[30,31],"class_list":{"0":"post-1197","1":"product","2":"type-product","3":"status-publish","4":"has-post-thumbnail","6":"product_cat-earthing-goods","7":"product_cat-earthing-socks","8":"product_cat-wellness-goods","9":"product_tag-earthing-goods","10":"product_tag-wellness-goods","12":"first","13":"instock","14":"taxable","15":"shipping-taxable","16":"purchasable","17":"product-type-variable"},"acf":[],"jetpack_sharing_enabled":true,"_links":{"self":[{"href":"https:\/\/we-r-health.com\/es\/wp-json\/wp\/v2\/product\/1197"}],"collection":[{"href":"https:\/\/we-r-health.com\/es\/wp-json\/wp\/v2\/product"}],"about":[{"href":"https:\/\/we-r-health.com\/es\/wp-json\/wp\/v2\/types\/product"}],"replies":[{"embeddable":true,"href":"https:\/\/we-r-health.com\/es\/wp-json\/wp\/v2\/comments?post=1197"}],"wp:featuredmedia":[{"embeddable":true,"href":"https:\/\/we-r-health.com\/es\/wp-json\/wp\/v2\/media\/1247"}],"wp:attachment":[{"href":"https:\/\/we-r-health.com\/es\/wp-json\/wp\/v2\/media?parent=1197"}],"wp:term":[{"taxonomy":"product_cat","embeddable":true,"href":"https:\/\/we-r-health.com\/es\/wp-json\/wp\/v2\/product_cat?post=1197"},{"taxonomy":"product_tag","embeddable":true,"href":"https:\/\/we-r-health.com\/es\/wp-json\/wp\/v2\/product_tag?post=1197"}],"curies":[{"name":"wp","href":"https:\/\/api.w.org\/{rel}","templated":true}]}}