{"id":1201,"date":"2023-03-11T20:27:09","date_gmt":"2023-03-11T20:27:09","guid":{"rendered":"https:\/\/we-r-health.com\/?post_type=product&#038;p=1201"},"modified":"2023-06-23T05:00:47","modified_gmt":"2023-06-23T05:00:47","slug":"earthing-fine-weaved-bedsheet","status":"publish","type":"product","link":"https:\/\/we-r-health.com\/es\/producto\/earthing-fine-weaved-bedsheet\/","title":{"rendered":"S\u00e1bana de tejido fino con conexi\u00f3n a tierra"},"content":{"rendered":"<p>El juego de tama\u00f1o adulto incluye: s\u00e1bana plana, s\u00e1bana ajustable y 2 fundas de almohada (1 con juego doble)<\/p>\n<p>DIMENSIONES<br \/>\nDoble\/Doble XL<br \/>\nS\u00e1bana ajustable: 39\u2033 de ancho x 80\u2033 de largo; se adapta a colchones de hasta 12\u2033 de profundidad.<br \/>\nS\u00e1bana plana: 74\u2033 de ancho x 105\u2033 de largo<br \/>\nFunda de almohada est\u00e1ndar: 32\u2033 de ancho x 20\u2033 de alto<\/p>\n<p>Reina<br \/>\nS\u00e1bana ajustable: 60\u2033 de ancho x 80\u2033 de largo; se adapta a colchones de hasta 16\u2033 de profundidad<br \/>\nS\u00e1bana plana: 96\u2033 de ancho x 104\u2033 de largo<br \/>\nFunda de almohada est\u00e1ndar (2): 32\u2033 de ancho x 20\u2033 de alto<\/p>\n<p>Rey<\/p>\n<p>S\u00e1bana ajustable: 78\u2033 de ancho x 80\u2033 de largo; se adapta a colchones de hasta 16\u2033 de profundidad<br \/>\nS\u00e1bana plana: 108\u2033 de ancho x 105\u2033 de largo<br \/>\n2 fundas de almohada tama\u00f1o king (2): 40\u2033 de ancho x 20\u2033 de alto<\/p>\n<p>CUIDADO Y MANTENIMIENTO<br \/>\nLavar antes del primer uso con detergente suave.<\/p>\n<div id=\"yui_3_17_2_1_1681524602108_2698\" class=\"col sqs-col-6 span-6\">\n<div id=\"block-yui_3_10_1_1_1400773731701_23885\" class=\"sqs-block html-block sqs-block-html\" data-block-type=\"2\">\n<div class=\"sqs-block-content\">\n<p>Lavar en ciclo delicado con agua tibia.<\/p>\n<p>Secar en secadora a temperatura baja o al aire libre.<\/p>\n<p>NO:<br \/>\nNo lavar con blanqueadores ni suavizantes de telas.<\/p>\n<p>No utilice detergentes blanqueadores, oxidetergentes ni detergentes con aceites como lavanda o aceite de coco.<\/p>\n<p>No utilice suavizantes de telas en hojas para secadora.<\/p>\n<p>No apliques lociones ni aceites corporales antes de acostarte.<\/p>\n<\/div>\n<\/div>\n<\/div>","protected":false},"excerpt":{"rendered":"<p>Al conectarse a la corriente electr\u00f3nica natural de la Tierra, muchas personas experimentan beneficios positivos para la salud, que incluyen mejor sue\u00f1o, menos estr\u00e9s, mayor energ\u00eda, mejor circulaci\u00f3n y menor inflamaci\u00f3n.<\/p>","protected":false},"featured_media":1262,"comment_status":"closed","ping_status":"closed","template":"","meta":{"jetpack_post_was_ever_published":false},"product_cat":[32,29],"product_tag":[30,31],"class_list":{"0":"post-1201","1":"product","2":"type-product","3":"status-publish","4":"has-post-thumbnail","6":"product_cat-earthing-bedsheet","7":"product_cat-earthing-goods","8":"product_tag-earthing-goods","9":"product_tag-wellness-goods","11":"first","12":"instock","13":"taxable","14":"shipping-taxable","15":"purchasable","16":"product-type-variable"},"acf":[],"jetpack_sharing_enabled":true,"_links":{"self":[{"href":"https:\/\/we-r-health.com\/es\/wp-json\/wp\/v2\/product\/1201"}],"collection":[{"href":"https:\/\/we-r-health.com\/es\/wp-json\/wp\/v2\/product"}],"about":[{"href":"https:\/\/we-r-health.com\/es\/wp-json\/wp\/v2\/types\/product"}],"replies":[{"embeddable":true,"href":"https:\/\/we-r-health.com\/es\/wp-json\/wp\/v2\/comments?post=1201"}],"wp:featuredmedia":[{"embeddable":true,"href":"https:\/\/we-r-health.com\/es\/wp-json\/wp\/v2\/media\/1262"}],"wp:attachment":[{"href":"https:\/\/we-r-health.com\/es\/wp-json\/wp\/v2\/media?parent=1201"}],"wp:term":[{"taxonomy":"product_cat","embeddable":true,"href":"https:\/\/we-r-health.com\/es\/wp-json\/wp\/v2\/product_cat?post=1201"},{"taxonomy":"product_tag","embeddable":true,"href":"https:\/\/we-r-health.com\/es\/wp-json\/wp\/v2\/product_tag?post=1201"}],"curies":[{"name":"wp","href":"https:\/\/api.w.org\/{rel}","templated":true}]}}