{"id":1203,"date":"2023-03-11T20:27:09","date_gmt":"2023-03-11T20:27:09","guid":{"rendered":"https:\/\/we-r-health.com\/?post_type=product&#038;p=1203"},"modified":"2023-04-15T02:26:47","modified_gmt":"2023-04-15T02:26:47","slug":"earthing-copper-fiber-bedsheet","status":"publish","type":"product","link":"https:\/\/we-r-health.com\/es\/producto\/earthing-copper-fiber-bedsheet\/","title":{"rendered":"Earthing Copper Fiber Bedsheet"},"content":{"rendered":"<p class=\"p1\">Earthing copper fiber fine-weaved bedsheet<\/p>\n<p>Worsted spinning uses raw materials of high-quality cotton, spinning yarn with a high twist and less hair feathers (generally single-stranded yarn, combined stranded yarn). Worsted products have the advantages of lighter and thinner feel, denser grain, and wear resistance.<\/p>\n<p>El juego de tama\u00f1o adulto incluye: s\u00e1bana plana, s\u00e1bana ajustable y 2 fundas de almohada (1 con juego doble)<\/p>\n<p>DIMENSIONES<br \/>\nDoble\/Doble XL<br \/>\nS\u00e1bana ajustable: 39\u2033 de ancho x 80\u2033 de largo; se adapta a colchones de hasta 12\u2033 de profundidad.<br \/>\nS\u00e1bana plana: 74\u2033 de ancho x 105\u2033 de largo<br \/>\nFunda de almohada est\u00e1ndar: 32\u2033 de ancho x 20\u2033 de alto<\/p>\n<p>Reina<br \/>\nS\u00e1bana ajustable: 60\u2033 de ancho x 80\u2033 de largo; se adapta a colchones de hasta 16\u2033 de profundidad<br \/>\nS\u00e1bana plana: 96\u2033 de ancho x 104\u2033 de largo<br \/>\nFunda de almohada est\u00e1ndar (2): 32\u2033 de ancho x 20\u2033 de alto<\/p>\n<p>Rey<\/p>\n<p>S\u00e1bana ajustable: 78\u2033 de ancho x 80\u2033 de largo; se adapta a colchones de hasta 16\u2033 de profundidad<br \/>\nS\u00e1bana plana: 108\u2033 de ancho x 105\u2033 de largo<br \/>\n2 fundas de almohada tama\u00f1o king (2): 40\u2033 de ancho x 20\u2033 de alto<\/p>\n<p>CUIDADO Y MANTENIMIENTO<br \/>\nWash before first use in mild detergent. Do not bleach.<br \/>\nMachine wash in warm water; gentle cycle.<br \/>\nDo not dry clean.<br \/>\nTumble dry on low heat.<br \/>\nWarm iron as needed temperature not to exceed 110\u2103. (230F)<\/p>\n<p>&nbsp;<\/p>\n<p class=\"p1\">","protected":false},"excerpt":{"rendered":"<p>Copper Fiber Effects<\/p>\n<p>In the process of many scientific experiments, scientists have found that the metabolism of copper ions helps develop collagen and elastin, protects against oxidative stress, and reduces wrinkles.<\/p>\n<p>\u25cfDuring sleep, the copper fiber meets the skin, stimulating the continuous regeneration of collagen, and improving the quality of collagen. This will make the skin healthier. Wrinkles, fine lines, and dark spots will gradually fade. Regenerating several times more collagen than usual to reduce wrinkles and dark spots, an effect previously only possible with expensive cosmetics or injections. The copper fiber fabric has passed the national standard test and the bacteriostatic rate against Staphylococcus aureus, Escherichia coli and Candida albicans reaches 99%. Once they enter an environment with high content of copper particles, they will die quickly.<\/p>\n<p>\u25cfCopper can also cooperate with antioxidants in the body to fight free radicals which are the major cause of skin aging, so copper is beneficial to maintain a youthful appearance.<\/p>","protected":false},"featured_media":1266,"comment_status":"closed","ping_status":"closed","template":"","meta":{"jetpack_post_was_ever_published":false},"product_cat":[32,29],"product_tag":[30,31],"class_list":{"0":"post-1203","1":"product","2":"type-product","3":"status-publish","4":"has-post-thumbnail","6":"product_cat-earthing-bedsheet","7":"product_cat-earthing-goods","8":"product_tag-earthing-goods","9":"product_tag-wellness-goods","11":"first","12":"outofstock","13":"taxable","14":"shipping-taxable","15":"product-type-simple"},"acf":[],"jetpack_sharing_enabled":true,"_links":{"self":[{"href":"https:\/\/we-r-health.com\/es\/wp-json\/wp\/v2\/product\/1203"}],"collection":[{"href":"https:\/\/we-r-health.com\/es\/wp-json\/wp\/v2\/product"}],"about":[{"href":"https:\/\/we-r-health.com\/es\/wp-json\/wp\/v2\/types\/product"}],"replies":[{"embeddable":true,"href":"https:\/\/we-r-health.com\/es\/wp-json\/wp\/v2\/comments?post=1203"}],"wp:featuredmedia":[{"embeddable":true,"href":"https:\/\/we-r-health.com\/es\/wp-json\/wp\/v2\/media\/1266"}],"wp:attachment":[{"href":"https:\/\/we-r-health.com\/es\/wp-json\/wp\/v2\/media?parent=1203"}],"wp:term":[{"taxonomy":"product_cat","embeddable":true,"href":"https:\/\/we-r-health.com\/es\/wp-json\/wp\/v2\/product_cat?post=1203"},{"taxonomy":"product_tag","embeddable":true,"href":"https:\/\/we-r-health.com\/es\/wp-json\/wp\/v2\/product_tag?post=1203"}],"curies":[{"name":"wp","href":"https:\/\/api.w.org\/{rel}","templated":true}]}}