{"id":1205,"date":"2023-03-11T20:27:09","date_gmt":"2023-03-11T20:27:09","guid":{"rendered":"https:\/\/we-r-health.com\/?post_type=product&#038;p=1205"},"modified":"2023-04-21T21:55:24","modified_gmt":"2023-04-21T21:55:24","slug":"earthing-copper-fiber-sleep-mask","status":"publish","type":"product","link":"https:\/\/we-r-health.com\/es\/producto\/earthing-copper-fiber-sleep-mask\/","title":{"rendered":"M\u00e1scara para dormir de fibra de cobre con conexi\u00f3n a tierra"},"content":{"rendered":"<p class=\"p1\">Durante el proceso de tejido, se implantan manualmente part\u00edculas de \u00f3xido de cobre. Existe una pel\u00edcula protectora d\u00e9bil contra el \u00e1cido en el exterior de nuestra piel. La piel y las fibras de nanocobre interact\u00faan entre s\u00ed para liberar iones de cobre. Una parte de los iones de cobre ser\u00e1 absorbida por la piel y entrar\u00e1 en las c\u00e9lulas basales para participar en la producci\u00f3n de col\u00e1geno. Algunos iones de cobre contin\u00faan permaneciendo en la tela para formar un entorno antibacteriano limpio. El arma secreta para la piel sensible y propensa al acn\u00e9.<\/p>\n<p class=\"p1\">Si le preocupa la piel seca causada por la falta de agua y col\u00e1geno durante el sue\u00f1o, le recomendamos la serie de fibra de cobre. \u00dasela con productos para el cuidado de la piel para ayudar a mantener la crema de noche en la piel y ayudar a una mejor absorci\u00f3n.<\/p>\n<p class=\"p1\">El ritmo de vida y el trabajo acelerados ejercen mucha presi\u00f3n sobre la salud mental. La m\u00e1scara de sue\u00f1o de fibra de cobre brinda un spa para los ojos, un sue\u00f1o profundo y c\u00f3modo durante toda la noche para aliviar la fatiga ocular, la belleza y la firmeza, un efecto antibacteriano eficaz y un cuidado del sue\u00f1o. Es \u00fatil para la fatiga ocular, los ojos secos, los usuarios de computadora, la piel propensa al acn\u00e9 y la piel sensible.<\/p>\n<p class=\"p1\">","protected":false},"excerpt":{"rendered":"<p>Las mascarillas para dormir de fibra de cobre ayudan a reafirmar la piel, reducir las arrugas y benefician la piel sensible y propensa al acn\u00e9 al tiempo que obtienen efectos de salud adicionales que vienen con la conexi\u00f3n a tierra.<\/p>","protected":false},"featured_media":1268,"comment_status":"closed","ping_status":"closed","template":"","meta":{"jetpack_post_was_ever_published":false},"product_cat":[29],"product_tag":[30],"class_list":{"0":"post-1205","1":"product","2":"type-product","3":"status-publish","4":"has-post-thumbnail","6":"product_cat-earthing-goods","7":"product_tag-earthing-goods","9":"first","10":"instock","11":"taxable","12":"shipping-taxable","13":"purchasable","14":"product-type-simple"},"acf":[],"jetpack_sharing_enabled":true,"_links":{"self":[{"href":"https:\/\/we-r-health.com\/es\/wp-json\/wp\/v2\/product\/1205"}],"collection":[{"href":"https:\/\/we-r-health.com\/es\/wp-json\/wp\/v2\/product"}],"about":[{"href":"https:\/\/we-r-health.com\/es\/wp-json\/wp\/v2\/types\/product"}],"replies":[{"embeddable":true,"href":"https:\/\/we-r-health.com\/es\/wp-json\/wp\/v2\/comments?post=1205"}],"wp:featuredmedia":[{"embeddable":true,"href":"https:\/\/we-r-health.com\/es\/wp-json\/wp\/v2\/media\/1268"}],"wp:attachment":[{"href":"https:\/\/we-r-health.com\/es\/wp-json\/wp\/v2\/media?parent=1205"}],"wp:term":[{"taxonomy":"product_cat","embeddable":true,"href":"https:\/\/we-r-health.com\/es\/wp-json\/wp\/v2\/product_cat?post=1205"},{"taxonomy":"product_tag","embeddable":true,"href":"https:\/\/we-r-health.com\/es\/wp-json\/wp\/v2\/product_tag?post=1205"}],"curies":[{"name":"wp","href":"https:\/\/api.w.org\/{rel}","templated":true}]}}