{"id":1206,"date":"2023-03-11T20:27:10","date_gmt":"2023-03-11T20:27:10","guid":{"rendered":"https:\/\/we-r-health.com\/?post_type=product&#038;p=1206"},"modified":"2023-04-21T21:47:20","modified_gmt":"2023-04-21T21:47:20","slug":"earthing-copper-fiber-neck-wrap","status":"publish","type":"product","link":"https:\/\/we-r-health.com\/es\/producto\/earthing-copper-fiber-neck-wrap\/","title":{"rendered":"Envoltura para el cuello con fibra de cobre y conexi\u00f3n a tierra"},"content":{"rendered":"<p class=\"p1\">La tela est\u00e1 tejida en fibras conductoras para formar un sistema conductor de malla que se conecta al cable de tierra en el enchufe. Absorbe los electrones negativos de la tierra y alivia la fatiga del cuello para ayudar a mantener la salud del cuello.<\/p>\n<p class=\"p1\">Est\u00e1 dise\u00f1ado para adaptarse al cuello y es c\u00f3modo de llevar, hecho de tela de fibra de cobre con una tasa antibacteriana de hasta el 99%.<\/p>","protected":false},"excerpt":{"rendered":"<p>El collar\u00edn de fibra de cobre Earthing est\u00e1 dise\u00f1ado para ayudar a reducir la fatiga del cuello, se adapta al cuello y es c\u00f3modo de usar. Est\u00e1 hecho de tela de fibra de cobre con una tasa antibacteriana de hasta el 99 %.<\/p>","protected":false},"featured_media":1269,"comment_status":"closed","ping_status":"closed","template":"","meta":{"jetpack_post_was_ever_published":false},"product_cat":[29],"product_tag":[30,31],"class_list":{"0":"post-1206","1":"product","2":"type-product","3":"status-publish","4":"has-post-thumbnail","6":"product_cat-earthing-goods","7":"product_tag-earthing-goods","8":"product_tag-wellness-goods","10":"first","11":"instock","12":"taxable","13":"shipping-taxable","14":"purchasable","15":"product-type-simple"},"acf":[],"jetpack_sharing_enabled":true,"_links":{"self":[{"href":"https:\/\/we-r-health.com\/es\/wp-json\/wp\/v2\/product\/1206"}],"collection":[{"href":"https:\/\/we-r-health.com\/es\/wp-json\/wp\/v2\/product"}],"about":[{"href":"https:\/\/we-r-health.com\/es\/wp-json\/wp\/v2\/types\/product"}],"replies":[{"embeddable":true,"href":"https:\/\/we-r-health.com\/es\/wp-json\/wp\/v2\/comments?post=1206"}],"wp:featuredmedia":[{"embeddable":true,"href":"https:\/\/we-r-health.com\/es\/wp-json\/wp\/v2\/media\/1269"}],"wp:attachment":[{"href":"https:\/\/we-r-health.com\/es\/wp-json\/wp\/v2\/media?parent=1206"}],"wp:term":[{"taxonomy":"product_cat","embeddable":true,"href":"https:\/\/we-r-health.com\/es\/wp-json\/wp\/v2\/product_cat?post=1206"},{"taxonomy":"product_tag","embeddable":true,"href":"https:\/\/we-r-health.com\/es\/wp-json\/wp\/v2\/product_tag?post=1206"}],"curies":[{"name":"wp","href":"https:\/\/api.w.org\/{rel}","templated":true}]}}