{"id":1207,"date":"2023-03-11T20:27:10","date_gmt":"2023-03-11T20:27:10","guid":{"rendered":"https:\/\/we-r-health.com\/?post_type=product&#038;p=1207"},"modified":"2023-07-01T16:59:06","modified_gmt":"2023-07-01T16:59:06","slug":"earthing-baby-crawling-mats","status":"publish","type":"product","link":"https:\/\/we-r-health.com\/es\/producto\/earthing-baby-crawling-mats\/","title":{"rendered":"Colchonetas para gatear con conexi\u00f3n a tierra para beb\u00e9s"},"content":{"rendered":"<p class=\"p1\">\u25cfFabricado con materiales seguros y respetuosos con el medio ambiente, no t\u00f3xico, inodoro,<span class=\"Apple-converted-space\">\u00a0<\/span><\/p>\n<p class=\"p1\">Y libre de formaldeh\u00eddo. Textura antideslizante, duradera, hermosa, c\u00f3moda y resistente a la humedad.<\/p>\n<p class=\"p1\">\u25cfFibras conductoras tejidas para formar un sistema conductor, que se conecta al cable de tierra en el enchufe y absorbe la energ\u00eda de la tierra.<\/p>\n<p class=\"p1\">\u25cfLos ni\u00f1os pueden estar conectados a tierra y ser antiest\u00e1ticos cuando juegan en la colchoneta para gatear, al igual que cuando juegan descalzos al aire libre en el jard\u00edn o en el c\u00e9sped.<\/p>\n<p class=\"p1\">Colchonetas para gatear con conexi\u00f3n a tierra para beb\u00e9s<\/p>\n<p class=\"p1\">Color: Gris<\/p>\n<p class=\"p1\">Tama\u00f1o<span class=\"s1\">\uff1a<\/span>1,75 m x 2,0 m (aproximadamente 68,9 x 78,7 pulgadas)<\/p>","protected":false},"excerpt":{"rendered":"<p>Esta colchoneta para gatear Earthing Baby fue creada para conectarse a tierra. La conexi\u00f3n a tierra es una t\u00e9cnica terap\u00e9utica que implica conectarse a las frecuencias magn\u00e9ticas naturales de la tierra para recibir iones negativos de la energ\u00eda de la tierra. La conexi\u00f3n a tierra libera iones positivos del cuerpo que pueden acumularse por estar cerca de una computadora, exponerse a la electricidad, vivir cerca de torres de telefon\u00eda celular, Bluetooth, wifi y pr\u00e1cticamente la mayor\u00eda de las cosas que usamos y hacemos en la era moderna, lo que provoca inflamaci\u00f3n en el cuerpo.<\/p>","protected":false},"featured_media":1271,"comment_status":"closed","ping_status":"closed","template":"","meta":{"jetpack_post_was_ever_published":false},"product_cat":[29,33],"product_tag":[30],"class_list":{"0":"post-1207","1":"product","2":"type-product","3":"status-publish","4":"has-post-thumbnail","6":"product_cat-earthing-goods","7":"product_cat-earthing-mats","8":"product_tag-earthing-goods","10":"first","11":"instock","12":"featured","13":"taxable","14":"shipping-taxable","15":"purchasable","16":"product-type-simple"},"acf":[],"jetpack_sharing_enabled":true,"_links":{"self":[{"href":"https:\/\/we-r-health.com\/es\/wp-json\/wp\/v2\/product\/1207"}],"collection":[{"href":"https:\/\/we-r-health.com\/es\/wp-json\/wp\/v2\/product"}],"about":[{"href":"https:\/\/we-r-health.com\/es\/wp-json\/wp\/v2\/types\/product"}],"replies":[{"embeddable":true,"href":"https:\/\/we-r-health.com\/es\/wp-json\/wp\/v2\/comments?post=1207"}],"wp:featuredmedia":[{"embeddable":true,"href":"https:\/\/we-r-health.com\/es\/wp-json\/wp\/v2\/media\/1271"}],"wp:attachment":[{"href":"https:\/\/we-r-health.com\/es\/wp-json\/wp\/v2\/media?parent=1207"}],"wp:term":[{"taxonomy":"product_cat","embeddable":true,"href":"https:\/\/we-r-health.com\/es\/wp-json\/wp\/v2\/product_cat?post=1207"},{"taxonomy":"product_tag","embeddable":true,"href":"https:\/\/we-r-health.com\/es\/wp-json\/wp\/v2\/product_tag?post=1207"}],"curies":[{"name":"wp","href":"https:\/\/api.w.org\/{rel}","templated":true}]}}