{"id":1208,"date":"2023-03-11T20:27:10","date_gmt":"2023-03-11T20:27:10","guid":{"rendered":"https:\/\/we-r-health.com\/?post_type=product&#038;p=1208"},"modified":"2023-04-23T21:56:30","modified_gmt":"2023-04-23T21:56:30","slug":"earthing-anti-static-mouse-pad","status":"publish","type":"product","link":"https:\/\/we-r-health.com\/es\/producto\/earthing-anti-static-mouse-pad\/","title":{"rendered":"Alfombrilla de rat\u00f3n antiest\u00e1tica con conexi\u00f3n a tierra"},"content":{"rendered":"<p class=\"p1\">\u25cfLa alfombrilla para rat\u00f3n est\u00e1 hecha de materiales seguros, ecol\u00f3gicos, no t\u00f3xicos y sin formaldeh\u00eddo. La superficie inferior est\u00e1 hecha de caucho natural respetuoso con el medio ambiente. La textura antideslizante est\u00e1 dise\u00f1ada para que no se deslice f\u00e1cilmente sobre el escritorio. Es duradera, hermosa, c\u00f3moda y resistente a la humedad, con buena elasticidad y fuerte afinidad con la piel.<\/p>\n<p class=\"p1\">\u25cfTejido con fibras conductoras para formar un sistema conductor de malla, que se conecta al cable de tierra en el enchufe para absorber la energ\u00eda de la tierra.<\/p>\n<p class=\"p1\">\u25cfProtege el cuerpo del usuario de posibles da\u00f1os causados \u200b\u200bpor ondas electromagn\u00e9ticas mientras trabaja en la oficina. Puede mantener a los usuarios a salvo de la electricidad est\u00e1tica y permitirles recibir la energ\u00eda de la tierra para mejorar la autorregulaci\u00f3n del cuerpo; Neutraliza y reduce el exceso de radicales libres en el cuerpo, alivia la tensi\u00f3n muscular y mantiene un cuerpo saludable.<\/p>\n<p>Alfombrilla de rat\u00f3n Tama\u00f1o: 30 cm x 24 cm<\/p>","protected":false},"excerpt":{"rendered":"<p>La alfombrilla de rat\u00f3n con conexi\u00f3n a tierra neutraliza y reduce el exceso de radicales libres en el cuerpo, alivia la tensi\u00f3n muscular y ayuda a mantener un cuerpo sano cuando est\u00e1 enchufada a un tomacorriente con conexi\u00f3n a tierra adecuada.<\/p>","protected":false},"featured_media":1274,"comment_status":"closed","ping_status":"closed","template":"","meta":{"jetpack_post_was_ever_published":false},"product_cat":[29,33],"product_tag":[30,31],"class_list":{"0":"post-1208","1":"product","2":"type-product","3":"status-publish","4":"has-post-thumbnail","6":"product_cat-earthing-goods","7":"product_cat-earthing-mats","8":"product_tag-earthing-goods","9":"product_tag-wellness-goods","11":"first","12":"instock","13":"taxable","14":"shipping-taxable","15":"purchasable","16":"product-type-simple"},"acf":[],"jetpack_sharing_enabled":true,"_links":{"self":[{"href":"https:\/\/we-r-health.com\/es\/wp-json\/wp\/v2\/product\/1208"}],"collection":[{"href":"https:\/\/we-r-health.com\/es\/wp-json\/wp\/v2\/product"}],"about":[{"href":"https:\/\/we-r-health.com\/es\/wp-json\/wp\/v2\/types\/product"}],"replies":[{"embeddable":true,"href":"https:\/\/we-r-health.com\/es\/wp-json\/wp\/v2\/comments?post=1208"}],"wp:featuredmedia":[{"embeddable":true,"href":"https:\/\/we-r-health.com\/es\/wp-json\/wp\/v2\/media\/1274"}],"wp:attachment":[{"href":"https:\/\/we-r-health.com\/es\/wp-json\/wp\/v2\/media?parent=1208"}],"wp:term":[{"taxonomy":"product_cat","embeddable":true,"href":"https:\/\/we-r-health.com\/es\/wp-json\/wp\/v2\/product_cat?post=1208"},{"taxonomy":"product_tag","embeddable":true,"href":"https:\/\/we-r-health.com\/es\/wp-json\/wp\/v2\/product_tag?post=1208"}],"curies":[{"name":"wp","href":"https:\/\/api.w.org\/{rel}","templated":true}]}}