{"id":1209,"date":"2023-03-11T20:27:10","date_gmt":"2023-03-11T20:27:10","guid":{"rendered":"https:\/\/we-r-health.com\/?post_type=product&#038;p=1209"},"modified":"2023-04-23T22:07:01","modified_gmt":"2023-04-23T22:07:01","slug":"earthing-work-pad","status":"publish","type":"product","link":"https:\/\/we-r-health.com\/es\/producto\/earthing-work-pad\/","title":{"rendered":"Plataforma de trabajo de puesta a tierra"},"content":{"rendered":"<p>\u25cfLa almohadilla de trabajo est\u00e1 hecha de materiales seguros, ecol\u00f3gicos, no t\u00f3xicos y libres de formaldeh\u00eddo. La superficie inferior est\u00e1 hecha de caucho natural ecol\u00f3gico. La textura antideslizante est\u00e1 dise\u00f1ada para que no se deslice f\u00e1cilmente sobre el escritorio. Es duradera, hermosa, c\u00f3moda y resistente a la humedad.<\/p>\n<p>\u25cfTejido con fibras conductoras para formar un sistema conductor de malla, que se conecta al cable de tierra en el enchufe para absorber la energ\u00eda de la tierra.<\/p>\n<p>\u25cfProtege el cuerpo del usuario de posibles da\u00f1os causados \u200b\u200bpor ondas electromagn\u00e9ticas mientras trabaja en la oficina. Puede mantener a los usuarios a salvo de la electricidad est\u00e1tica y permitirles recibir la energ\u00eda de la tierra para mejorar la autorregulaci\u00f3n del cuerpo; Neutraliza y reduce el exceso de radicales libres en el cuerpo, alivia la tensi\u00f3n muscular y mantiene un cuerpo saludable.<\/p>\n<p>Tejido con fibra conductora, antiest\u00e1tica y antiradiaci\u00f3n.<\/p>\n<p>Almohadilla de trabajo Tama\u00f1o: 90 cm x 40 cm<\/p>","protected":false},"excerpt":{"rendered":"<p class=\"p1\">La almohadilla de trabajo de conexi\u00f3n a tierra neutraliza y reduce el exceso de radicales libres en el cuerpo, alivia la tensi\u00f3n muscular y ayuda a mantener un cuerpo saludable cuando se enchufa a un tomacorriente con conexi\u00f3n a tierra adecuada.<\/p>","protected":false},"featured_media":1286,"comment_status":"closed","ping_status":"closed","template":"","meta":{"jetpack_post_was_ever_published":false},"product_cat":[29,33],"product_tag":[30,31],"class_list":{"0":"post-1209","1":"product","2":"type-product","3":"status-publish","4":"has-post-thumbnail","6":"product_cat-earthing-goods","7":"product_cat-earthing-mats","8":"product_tag-earthing-goods","9":"product_tag-wellness-goods","11":"first","12":"instock","13":"taxable","14":"shipping-taxable","15":"purchasable","16":"product-type-simple"},"acf":[],"jetpack_sharing_enabled":true,"_links":{"self":[{"href":"https:\/\/we-r-health.com\/es\/wp-json\/wp\/v2\/product\/1209"}],"collection":[{"href":"https:\/\/we-r-health.com\/es\/wp-json\/wp\/v2\/product"}],"about":[{"href":"https:\/\/we-r-health.com\/es\/wp-json\/wp\/v2\/types\/product"}],"replies":[{"embeddable":true,"href":"https:\/\/we-r-health.com\/es\/wp-json\/wp\/v2\/comments?post=1209"}],"wp:featuredmedia":[{"embeddable":true,"href":"https:\/\/we-r-health.com\/es\/wp-json\/wp\/v2\/media\/1286"}],"wp:attachment":[{"href":"https:\/\/we-r-health.com\/es\/wp-json\/wp\/v2\/media?parent=1209"}],"wp:term":[{"taxonomy":"product_cat","embeddable":true,"href":"https:\/\/we-r-health.com\/es\/wp-json\/wp\/v2\/product_cat?post=1209"},{"taxonomy":"product_tag","embeddable":true,"href":"https:\/\/we-r-health.com\/es\/wp-json\/wp\/v2\/product_tag?post=1209"}],"curies":[{"name":"wp","href":"https:\/\/api.w.org\/{rel}","templated":true}]}}