{"id":1210,"date":"2023-03-11T20:27:10","date_gmt":"2023-03-11T20:27:10","guid":{"rendered":"https:\/\/we-r-health.com\/?post_type=product&#038;p=1210"},"modified":"2023-07-01T19:32:01","modified_gmt":"2023-07-01T19:32:01","slug":"multifunctional-bionic-head-massage-device-with-blue-tooth","status":"publish","type":"product","link":"https:\/\/we-r-health.com\/es\/producto\/multifunctional-bionic-head-massage-device-with-blue-tooth\/","title":{"rendered":"Dispositivo de masaje de cabeza bi\u00f3nico multifuncional con Bluetooth"},"content":{"rendered":"<p class=\"p1\">Seg\u00fan las caracter\u00edsticas de los puntos de acupuntura de la cabeza humana, el masajeador de cabeza bi\u00f3nico multifuncional realiza un masaje multidimensional y multipunto a trav\u00e9s de los cabezales de masaje distribuidos en una matriz de puntos. Hay varias frecuencias de vibraci\u00f3n y m\u00faltiples modos de masaje que crean diferentes experiencias de masaje. El masajeador de cabeza bi\u00f3nico se utiliza para aliviar s\u00edntomas como el insomnio, los mareos, el estr\u00e9s mental, la ansiedad y la tensi\u00f3n causada por la presi\u00f3n del estudio, la fatiga laboral, quedarse despierto hasta muy tarde y trabajar horas extra.<\/p>\n<p class=\"p1\">Material: ABS, silicona<\/p>\n<p class=\"p1\">Colores: Negro o Gris<\/p>\n<p class=\"p1\"><b>Instrucciones:<span class=\"Apple-converted-space\">\u00a0<\/span><\/b><\/p>\n<ol class=\"ol1\">\n<li class=\"li1\">Mantenga presionado el bot\u00f3n de encendido durante tres segundos para encender el dispositivo.<\/li>\n<li class=\"li1\">Haga doble clic en el bot\u00f3n de encendido r\u00e1pidamente para activar o desactivar la funci\u00f3n de m\u00fasica. La voz y la m\u00fasica se activan de forma predeterminada cuando se enciende el dispositivo.<\/li>\n<li class=\"li1\">Toque el bot\u00f3n simple para cambiar entre los 5 modos de masaje.<\/li>\n<\/ol>\n<p class=\"p1\">5 modos de masaje:<\/p>\n<p class=\"p1\"><span class=\"Apple-converted-space\">\u00a0<\/span>1. Modo din\u00e1mico<\/p>\n<p class=\"p1\"><span class=\"Apple-converted-space\">\u00a0<\/span>2. Modo feliz<\/p>\n<p class=\"p1\"><span class=\"Apple-converted-space\">\u00a0<\/span>3. Modo salud<\/p>\n<p class=\"p1\"><span class=\"Apple-converted-space\">\u00a0<\/span>4. Modo de descompresi\u00f3n<\/p>\n<p class=\"p1\"><span class=\"Apple-converted-space\">\u00a0<\/span>5. Modo calmante<\/p>\n<p class=\"p1\">Bater\u00eda de larga duraci\u00f3n: de forma predeterminada, se apagar\u00e1 autom\u00e1ticamente despu\u00e9s de 20 minutos. Para apagarlo, mantenga presionado el bot\u00f3n de encendido durante 3 segundos.<span class=\"Apple-converted-space\">\u00a0<\/span><\/p>\n<p class=\"p1\">Cuando la bater\u00eda est\u00e9 baja, el dispositivo se apagar\u00e1 autom\u00e1ticamente y se recargar\u00e1.<\/p>\n<p class=\"p1\">Durante la carga, la luz indicadora mostrar\u00e1 el nivel de carga. Cuando las 5 luces est\u00e9n encendidas, el dispositivo estar\u00e1 completamente cargado.<\/p>\n<p class=\"p1\"><b>No utilizar mientras se carga<\/b>.<\/p>\n<p class=\"p1\"><b>Funci\u00f3n Bluetooth:<\/b> 1. Escuche las indicaciones de voz, 2. Abra la configuraci\u00f3n del tel\u00e9fono, active el Bluetooth, busque BT-1KR y haga clic para conectarse.<\/p>\n<p class=\"p1\"><b>Precauciones<\/b><\/p>\n<p class=\"p1\"><b>No utilice este producto en lugares con mucho calor, cerca de llamas, radiaci\u00f3n electromagn\u00e9tica, humedad o en caso de truenos o rel\u00e1mpagos.<\/b><\/p>\n<p class=\"p1\"><b>No desmonte, repare ni modifique este producto sin permiso, ya que podr\u00eda provocar un mal funcionamiento o accidentes.<\/b><\/p>\n<p class=\"p1\"><b>Este producto no es resistente al agua. No lo sumerja en agua.<\/b><\/p>\n<p class=\"p1\"><b>No lo use en beb\u00e9s, personas con traumatismo craneal, personas que hayan sido sometidas recientemente a una cirug\u00eda de cabeza o pacientes con accidente cerebrovascular. En el caso de personas con presi\u00f3n arterial alta o baja, consulte con un m\u00e9dico antes de usarlo y util\u00edcelo con precauci\u00f3n en caso de presi\u00f3n arterial alta o baja.<\/b><\/p>\n<p class=\"p1\"><b>Si se producen molestias durante el uso, suspenda su uso inmediatamente.<\/b><\/p>\n<p class=\"p1\"><b>Las personas con lentitud de movimientos, malestar f\u00edsico o mental o limitaciones mentales deben utilizar el dispositivo con precauci\u00f3n y bajo la supervisi\u00f3n de un m\u00e9dico autorizado.<\/b><\/p>\n<p class=\"p1\"><b>No lo use si est\u00e1 bebiendo o si no se siente bien. Este es un producto de cuidado personal y no puede reemplazar medicamentos ni dispositivos m\u00e9dicos.<\/b><\/p>\n<p class=\"p1\"><b>Este producto es un producto sanitario electr\u00f3nico de uso dom\u00e9stico, no apto para diagn\u00f3stico, tratamiento u otros usos comerciales.<\/b><\/p>","protected":false},"excerpt":{"rendered":"<p>El masajeador de cabeza bi\u00f3nico tiene varias frecuencias de vibraci\u00f3n y m\u00faltiples modos de masaje que crean diferentes experiencias de masaje. Se utiliza para aliviar eficazmente s\u00edntomas como insomnio, mareos, estr\u00e9s mental, ansiedad y tensi\u00f3n causados \u200b\u200bpor la presi\u00f3n del estudio, la fatiga laboral, quedarse despierto hasta muy tarde y trabajar horas extras.<\/p>","protected":false},"featured_media":1289,"comment_status":"closed","ping_status":"closed","template":"","meta":{"jetpack_post_was_ever_published":false},"product_cat":[34],"product_tag":[35,31,36],"class_list":{"0":"post-1210","1":"product","2":"type-product","3":"status-publish","4":"has-post-thumbnail","6":"product_cat-wellness-goods","7":"product_tag-mens-massage","8":"product_tag-wellness-goods","9":"product_tag-womans-massage","11":"first","12":"instock","13":"featured","14":"taxable","15":"shipping-taxable","16":"purchasable","17":"product-type-variable"},"acf":[],"jetpack_sharing_enabled":true,"_links":{"self":[{"href":"https:\/\/we-r-health.com\/es\/wp-json\/wp\/v2\/product\/1210"}],"collection":[{"href":"https:\/\/we-r-health.com\/es\/wp-json\/wp\/v2\/product"}],"about":[{"href":"https:\/\/we-r-health.com\/es\/wp-json\/wp\/v2\/types\/product"}],"replies":[{"embeddable":true,"href":"https:\/\/we-r-health.com\/es\/wp-json\/wp\/v2\/comments?post=1210"}],"wp:featuredmedia":[{"embeddable":true,"href":"https:\/\/we-r-health.com\/es\/wp-json\/wp\/v2\/media\/1289"}],"wp:attachment":[{"href":"https:\/\/we-r-health.com\/es\/wp-json\/wp\/v2\/media?parent=1210"}],"wp:term":[{"taxonomy":"product_cat","embeddable":true,"href":"https:\/\/we-r-health.com\/es\/wp-json\/wp\/v2\/product_cat?post=1210"},{"taxonomy":"product_tag","embeddable":true,"href":"https:\/\/we-r-health.com\/es\/wp-json\/wp\/v2\/product_tag?post=1210"}],"curies":[{"name":"wp","href":"https:\/\/api.w.org\/{rel}","templated":true}]}}