{"id":1454,"date":"2023-03-11T20:30:02","date_gmt":"2023-03-11T20:30:02","guid":{"rendered":"https:\/\/we-r-health.com\/?post_type=product&#038;p=1454"},"modified":"2024-08-21T03:09:07","modified_gmt":"2024-08-21T03:09:07","slug":"taiji-earthing-shoe","status":"publish","type":"product","link":"https:\/\/we-r-health.com\/es\/producto\/taiji-earthing-shoe\/","title":{"rendered":"Zapato de conexi\u00f3n a tierra Taiji"},"content":{"rendered":"<div data-elementor-type=\"wp-post\" data-elementor-id=\"1454\" class=\"elementor elementor-1454\" data-elementor-post-type=\"product\">\n\t\t\t\t\t\t<section class=\"elementor-section elementor-top-section elementor-element elementor-element-ad2e03c elementor-section-boxed elementor-section-height-default elementor-section-height-default\" data-id=\"ad2e03c\" data-element_type=\"section\">\n\t\t\t\t\t\t<div class=\"elementor-container elementor-column-gap-default\">\n\t\t\t\t\t<div class=\"elementor-column elementor-col-100 elementor-top-column elementor-element elementor-element-ac1b007\" data-id=\"ac1b007\" data-element_type=\"column\">\n\t\t\t<div class=\"elementor-widget-wrap elementor-element-populated\">\n\t\t\t\t\t\t<div class=\"elementor-element elementor-element-8b65124 elementor-widget elementor-widget-text-editor\" data-id=\"8b65124\" data-element_type=\"widget\" data-widget_type=\"text-editor.default\">\n\t\t\t\t<div class=\"elementor-widget-container\">\n\t\t\t<style>\/*! elementor - v3.21.0 - 08-05-2024 *\/\n.elementor-widget-text-editor.elementor-drop-cap-view-stacked .elementor-drop-cap{background-color:#69727d;color:#fff}.elementor-widget-text-editor.elementor-drop-cap-view-framed .elementor-drop-cap{color:#69727d;border:3px solid;background-color:transparent}.elementor-widget-text-editor:not(.elementor-drop-cap-view-default) .elementor-drop-cap{margin-top:8px}.elementor-widget-text-editor:not(.elementor-drop-cap-view-default) .elementor-drop-cap-letter{width:1em;height:1em}.elementor-widget-text-editor .elementor-drop-cap{float:left;text-align:center;line-height:1;font-size:50px}.elementor-widget-text-editor .elementor-drop-cap-letter{display:inline-block}<\/style>\t\t\t\t<ul><li><strong> Elige tu estilo de zapato de puesta a tierra favorito y deja que tus pies besen la tierra para lograr el efecto de caminar descalzo. Puede liberar electricidad est\u00e1tica del cuerpo a la tierra, los electrones libres de la tierra pueden ser conducidos al cuerpo humano a trav\u00e9s de la suela. con material nano conductor integrado en una suela electrost\u00e1tica conductora no aislada.<p><strong>\u00a0\u00a0\u00a0\u00a0\u00a0\u00a0\u00a0\u00a0\u00a0 \t\t\t\t\t\t<\/div>\n\t\t\t\t<\/div>\n\t\t\t\t\t<\/div>\n\t\t<\/div>\n\t\t\t\t\t<\/div>\n\t\t<\/section>\n\t\t\t\t<\/div>","protected":false},"excerpt":{"rendered":"<ul>\n<li><strong>Elige tu estilo de zapato de puesta a tierra favorito y deja que tus pies besen la tierra para lograr el efecto de caminar descalzo. Puede liberar electricidad est\u00e1tica del cuerpo a la tierra, los electrones libres de la tierra pueden ser conducidos al cuerpo humano a trav\u00e9s de la suela. con material nano conductor integrado en una suela electrost\u00e1tica conductora no aislada.\u00a0<\/strong><\/li>\n<li><em><strong> Talla peque\u00f1a, se recomienda pedir una talla m\u00e1s grande<\/strong><\/em><\/li>\n<\/ul>","protected":false},"featured_media":1482,"comment_status":"closed","ping_status":"closed","template":"","meta":{"jetpack_post_was_ever_published":false},"product_cat":[24,41,26],"product_tag":[25,42],"class_list":{"0":"post-1454","1":"product","2":"type-product","3":"status-publish","4":"has-post-thumbnail","6":"product_cat-earthing-shoes","7":"product_cat-mens-earthing-shoes","8":"product_cat-womens-earthing-shoes","9":"product_tag-earthing-shoes","10":"product_tag-taiji-shoe","12":"first","13":"instock","14":"taxable","15":"shipping-taxable","16":"purchasable","17":"product-type-variable"},"acf":[],"jetpack_sharing_enabled":true,"_links":{"self":[{"href":"https:\/\/we-r-health.com\/es\/wp-json\/wp\/v2\/product\/1454"}],"collection":[{"href":"https:\/\/we-r-health.com\/es\/wp-json\/wp\/v2\/product"}],"about":[{"href":"https:\/\/we-r-health.com\/es\/wp-json\/wp\/v2\/types\/product"}],"replies":[{"embeddable":true,"href":"https:\/\/we-r-health.com\/es\/wp-json\/wp\/v2\/comments?post=1454"}],"wp:featuredmedia":[{"embeddable":true,"href":"https:\/\/we-r-health.com\/es\/wp-json\/wp\/v2\/media\/1482"}],"wp:attachment":[{"href":"https:\/\/we-r-health.com\/es\/wp-json\/wp\/v2\/media?parent=1454"}],"wp:term":[{"taxonomy":"product_cat","embeddable":true,"href":"https:\/\/we-r-health.com\/es\/wp-json\/wp\/v2\/product_cat?post=1454"},{"taxonomy":"product_tag","embeddable":true,"href":"https:\/\/we-r-health.com\/es\/wp-json\/wp\/v2\/product_tag?post=1454"}],"curies":[{"name":"wp","href":"https:\/\/api.w.org\/{rel}","templated":true}]}}