{"id":1473,"date":"2023-03-11T20:30:03","date_gmt":"2023-03-11T20:30:03","guid":{"rendered":"https:\/\/we-r-health.com\/?post_type=product&#038;p=1473"},"modified":"2023-07-01T16:57:55","modified_gmt":"2023-07-01T16:57:55","slug":"dafang-moxibustion-cans","status":"publish","type":"product","link":"https:\/\/we-r-health.com\/es\/producto\/dafang-moxibustion-cans\/","title":{"rendered":"Dafang Moxibustion Cans"},"content":{"rendered":"<p>Funci\u00f3n \u00fanica tres en uno:<br \/>\n&#8211; Cupping therapy: dispel dampness and pain relief<\/p>\n<p>\u2013 Terapia termal: disipa el fr\u00edo, favorece la circulaci\u00f3n sangu\u00ednea y elimina la estasis sangu\u00ednea.<\/p>\n<p>\u2013 Terapia de moxibusti\u00f3n: fortalece la capacidad de resistencia del cuerpo, antienvejecimiento, fisioterapia para aliviar el dolor y preservar la longevidad.<\/p>\n<p>El dispositivo de acupuntura Dafang est\u00e1 dise\u00f1ado de acuerdo con el espaciado de los puntos de acupuntura de la espalda del cuerpo humano, es suficiente para cubrir por completo el meridiano Du, los puntos Huatuo Jiaji y el meridiano de la vejiga. Se fija mediante el cuerpo de la lata en la posici\u00f3n del meridiano anterior para generar el efecto de ventosas de presi\u00f3n negativa. La aplicaci\u00f3n de copos de moxibusti\u00f3n sobre la piel con moxibusti\u00f3n puede ayudar a aliviar el dolor, la fisioterapia y preservar la longevidad.<br \/>\nAl utilizar la acupuntura Dafang, solo necesita moxibusti\u00f3n en el sitio del meridiano, no es necesario identificar con precisi\u00f3n los puntos exactos, es f\u00e1cil de aprender, f\u00e1cil de usar y resuelve por completo el problema de la \"dificultad para identificar los puntos exactos\".<\/p>","protected":false},"excerpt":{"rendered":"<p>Three-in-one unique function: &#8211; Cupping therapy: dispel dampness and pain relief &#8211; Thermal therapy: dispel cold, promote blood circulation, and remove blood stasis. &#8211; Moxibustion therapy: strengthen body resistance ability, anti-aging, pain relief physical therapy preserve longevity Dafang Acupuncture device is designed according to the acupoint spacing of the back of the human body, it [&hellip;]<\/p>","protected":false},"featured_media":1494,"comment_status":"closed","ping_status":"closed","template":"","meta":{"jetpack_post_was_ever_published":false},"product_cat":[38,34],"product_tag":[39,31],"class_list":{"0":"post-1473","1":"product","2":"type-product","3":"status-publish","4":"has-post-thumbnail","6":"product_cat-moxibustion-goods","7":"product_cat-wellness-goods","8":"product_tag-moxibustion","9":"product_tag-wellness-goods","11":"first","12":"instock","13":"featured","14":"taxable","15":"shipping-taxable","16":"purchasable","17":"product-type-variable"},"acf":[],"jetpack_sharing_enabled":true,"_links":{"self":[{"href":"https:\/\/we-r-health.com\/es\/wp-json\/wp\/v2\/product\/1473"}],"collection":[{"href":"https:\/\/we-r-health.com\/es\/wp-json\/wp\/v2\/product"}],"about":[{"href":"https:\/\/we-r-health.com\/es\/wp-json\/wp\/v2\/types\/product"}],"replies":[{"embeddable":true,"href":"https:\/\/we-r-health.com\/es\/wp-json\/wp\/v2\/comments?post=1473"}],"wp:featuredmedia":[{"embeddable":true,"href":"https:\/\/we-r-health.com\/es\/wp-json\/wp\/v2\/media\/1494"}],"wp:attachment":[{"href":"https:\/\/we-r-health.com\/es\/wp-json\/wp\/v2\/media?parent=1473"}],"wp:term":[{"taxonomy":"product_cat","embeddable":true,"href":"https:\/\/we-r-health.com\/es\/wp-json\/wp\/v2\/product_cat?post=1473"},{"taxonomy":"product_tag","embeddable":true,"href":"https:\/\/we-r-health.com\/es\/wp-json\/wp\/v2\/product_tag?post=1473"}],"curies":[{"name":"wp","href":"https:\/\/api.w.org\/{rel}","templated":true}]}}