{"id":1475,"date":"2023-03-11T20:30:03","date_gmt":"2023-03-11T20:30:03","guid":{"rendered":"https:\/\/we-r-health.com\/?post_type=product&#038;p=1475"},"modified":"2024-05-31T17:39:34","modified_gmt":"2024-05-31T17:39:34","slug":"taichi-yin-yang-shoe","status":"publish","type":"product","link":"https:\/\/we-r-health.com\/es\/producto\/taichi-yin-yang-shoe\/","title":{"rendered":"Taichi Yin Yang Zapatos"},"content":{"rendered":"<p>Mant\u00e9ngase elegante y c\u00f3modo con el zapato Breath Walker Taichi.<br \/>\nMasaje con peso corporal: m\u00e1s de 300 puntos de masaje dirigidos a m\u00e1s de 20 regiones de reflexi\u00f3n principales.<br \/>\nVolumen a\u00f1adido en el \u00e1rea de la puntera y la bola para mayor comodidad.<br \/>\nAntifatiga.<br \/>\nAntiest\u00e1tico.<br \/>\nParte superior de microfibra y malla.<br \/>\nCierre con cordones.<br \/>\nForro de tela.<br \/>\nPlantilla de tela y resistente a olores.<br \/>\nM\u00e1xima comodidad con soporte de arco y estabilizaci\u00f3n, gracias a plantillas masajeadoras.<br \/>\nSuela de goma.<br \/>\nImportado.<\/p>","protected":false},"excerpt":{"rendered":"<div class=\"DraftEditor-root\">\n<div class=\"DraftEditor-editorContainer\">\n<div id=\"yoast-google-preview-description-metabox\" class=\"notranslate public-DraftEditor-content\" role=\"combobox\" contenteditable=\"true\" spellcheck=\"true\" aria-autocomplete=\"list\" aria-expanded=\"false\" aria-labelledby=\"replacement-variable-editor-field-13\">\n<div data-contents=\"true\">\n<div class=\"\" data-block=\"true\" data-editor=\"dvn35\" data-offset-key=\"8i44s-0-0\">\n<div class=\"public-DraftStyleDefault-block public-DraftStyleDefault-ltr\" data-offset-key=\"8i44s-0-0\"><span data-offset-key=\"8i44s-0-0\">M\u00e1s de 300 puntos de acupuntura, m\u00e1s de 20 zonas reflejas principales para masajear tus pies mientras caminas con imanes para ayudar a ajustar la funci\u00f3n metab\u00f3lica del cuerpo a trav\u00e9s del Jingluo y sus puntos al pie seg\u00fan la Medicina Tradicional China.<\/span><\/div>\n<\/div>\n<\/div>\n<\/div>\n<\/div>\n<\/div>","protected":false},"featured_media":1515,"comment_status":"closed","ping_status":"closed","template":"","meta":{"jetpack_post_was_ever_published":false},"product_cat":[43,44,45,46],"product_tag":[47,35,48,36,49],"class_list":{"0":"post-1475","1":"product","2":"type-product","3":"status-publish","4":"has-post-thumbnail","6":"product_cat-breath-walker","7":"product_cat-massage-shoes","8":"product_cat-mens-massage-shoes","9":"product_cat-womens-massage-shoes","10":"product_tag-bw-shoes","11":"product_tag-mens-massage","12":"product_tag-mens-shoes","13":"product_tag-womans-massage","14":"product_tag-womans-shoes","16":"first","17":"instock","18":"taxable","19":"shipping-taxable","20":"purchasable","21":"product-type-variable"},"acf":[],"jetpack_sharing_enabled":true,"_links":{"self":[{"href":"https:\/\/we-r-health.com\/es\/wp-json\/wp\/v2\/product\/1475"}],"collection":[{"href":"https:\/\/we-r-health.com\/es\/wp-json\/wp\/v2\/product"}],"about":[{"href":"https:\/\/we-r-health.com\/es\/wp-json\/wp\/v2\/types\/product"}],"replies":[{"embeddable":true,"href":"https:\/\/we-r-health.com\/es\/wp-json\/wp\/v2\/comments?post=1475"}],"wp:featuredmedia":[{"embeddable":true,"href":"https:\/\/we-r-health.com\/es\/wp-json\/wp\/v2\/media\/1515"}],"wp:attachment":[{"href":"https:\/\/we-r-health.com\/es\/wp-json\/wp\/v2\/media?parent=1475"}],"wp:term":[{"taxonomy":"product_cat","embeddable":true,"href":"https:\/\/we-r-health.com\/es\/wp-json\/wp\/v2\/product_cat?post=1475"},{"taxonomy":"product_tag","embeddable":true,"href":"https:\/\/we-r-health.com\/es\/wp-json\/wp\/v2\/product_tag?post=1475"}],"curies":[{"name":"wp","href":"https:\/\/api.w.org\/{rel}","templated":true}]}}