{"id":1477,"date":"2023-03-11T20:30:04","date_gmt":"2023-03-11T20:30:04","guid":{"rendered":"https:\/\/we-r-health.com\/?post_type=product&#038;p=1477"},"modified":"2024-05-31T17:39:10","modified_gmt":"2024-05-31T17:39:10","slug":"voyage-shoe","status":"publish","type":"product","link":"https:\/\/we-r-health.com\/es\/producto\/voyage-shoe\/","title":{"rendered":"Viaje (gris)"},"content":{"rendered":"<div data-elementor-type=\"wp-post\" data-elementor-id=\"1477\" class=\"elementor elementor-1477\" data-elementor-post-type=\"product\">\n\t\t\t\t\t\t<section class=\"elementor-section elementor-top-section elementor-element elementor-element-35628da elementor-section-boxed elementor-section-height-default elementor-section-height-default\" data-id=\"35628da\" data-element_type=\"section\">\n\t\t\t\t\t\t<div class=\"elementor-container elementor-column-gap-default\">\n\t\t\t\t\t<div class=\"elementor-column elementor-col-100 elementor-top-column elementor-element elementor-element-cbb8741\" data-id=\"cbb8741\" data-element_type=\"column\">\n\t\t\t<div class=\"elementor-widget-wrap elementor-element-populated\">\n\t\t\t\t\t\t<div class=\"elementor-element elementor-element-1add07c elementor-widget elementor-widget-text-editor\" data-id=\"1add07c\" data-element_type=\"widget\" data-widget_type=\"text-editor.default\">\n\t\t\t\t<div class=\"elementor-widget-container\">\n\t\t\t<style>\/*! elementor - v3.21.0 - 08-05-2024 *\/\n.elementor-widget-text-editor.elementor-drop-cap-view-stacked .elementor-drop-cap{background-color:#69727d;color:#fff}.elementor-widget-text-editor.elementor-drop-cap-view-framed .elementor-drop-cap{color:#69727d;border:3px solid;background-color:transparent}.elementor-widget-text-editor:not(.elementor-drop-cap-view-default) .elementor-drop-cap{margin-top:8px}.elementor-widget-text-editor:not(.elementor-drop-cap-view-default) .elementor-drop-cap-letter{width:1em;height:1em}.elementor-widget-text-editor .elementor-drop-cap{float:left;text-align:center;line-height:1;font-size:50px}.elementor-widget-text-editor .elementor-drop-cap-letter{display:inline-block}<\/style>\t\t\t\t<p>Breath Walker Voyage ofrece m\u00e1xima comodidad con soporte y estabilizaci\u00f3n del arco, con plantillas masajeadoras.<br \/>Acolchado de espuma colocado alrededor del cuello del tobillo y debajo de la leng\u00fceta para un ajuste y una sensaci\u00f3n incre\u00edblemente c\u00f3modos.<br \/>Malla dise\u00f1ada para estructura, elasticidad y mejor transpirabilidad.<br \/>Cierre de cordones tradicional para un ajuste seguro.<br \/>Plantilla acolchada.<br \/>Entresuela ligera que absorbe los impactos.<br \/>Goma en la puntera y el tal\u00f3n para mayor durabilidad.<br \/>Suela de tracci\u00f3n flexible.<br \/>Parte superior textil.<br \/>Forro y plantilla textil.<br \/>Suela sint\u00e9tica y de caucho.<br \/>Importado.\t\t\t\t\t\t<\/div>\n\t\t\t\t<\/div>\n\t\t\t\t\t<\/div>\n\t\t<\/div>\n\t\t\t\t\t<\/div>\n\t\t<\/section>\n\t\t\t\t<\/div>","protected":false},"excerpt":{"rendered":"<p>Los zapatos Breath Walker Voyage ofrecen m\u00e1xima comodidad con soporte y estabilizaci\u00f3n del arco, con plantillas de masaje que integran reflexolog\u00eda podal, meridianos de medicina tradicional china, biomec\u00e1nica del pie, terapia magn\u00e9tica y tecnolog\u00eda de olores antibacterianos.<\/p>","protected":false},"featured_media":1522,"comment_status":"closed","ping_status":"closed","template":"","meta":{"jetpack_post_was_ever_published":false},"product_cat":[43,44,45],"product_tag":[47,35],"class_list":{"0":"post-1477","1":"product","2":"type-product","3":"status-publish","4":"has-post-thumbnail","6":"product_cat-breath-walker","7":"product_cat-massage-shoes","8":"product_cat-mens-massage-shoes","9":"product_tag-bw-shoes","10":"product_tag-mens-massage","12":"first","13":"instock","14":"taxable","15":"shipping-taxable","16":"purchasable","17":"product-type-variable"},"acf":[],"jetpack_sharing_enabled":true,"_links":{"self":[{"href":"https:\/\/we-r-health.com\/es\/wp-json\/wp\/v2\/product\/1477"}],"collection":[{"href":"https:\/\/we-r-health.com\/es\/wp-json\/wp\/v2\/product"}],"about":[{"href":"https:\/\/we-r-health.com\/es\/wp-json\/wp\/v2\/types\/product"}],"replies":[{"embeddable":true,"href":"https:\/\/we-r-health.com\/es\/wp-json\/wp\/v2\/comments?post=1477"}],"wp:featuredmedia":[{"embeddable":true,"href":"https:\/\/we-r-health.com\/es\/wp-json\/wp\/v2\/media\/1522"}],"wp:attachment":[{"href":"https:\/\/we-r-health.com\/es\/wp-json\/wp\/v2\/media?parent=1477"}],"wp:term":[{"taxonomy":"product_cat","embeddable":true,"href":"https:\/\/we-r-health.com\/es\/wp-json\/wp\/v2\/product_cat?post=1477"},{"taxonomy":"product_tag","embeddable":true,"href":"https:\/\/we-r-health.com\/es\/wp-json\/wp\/v2\/product_tag?post=1477"}],"curies":[{"name":"wp","href":"https:\/\/api.w.org\/{rel}","templated":true}]}}