{"id":17414,"date":"2023-03-19T00:26:48","date_gmt":"2023-03-19T00:26:48","guid":{"rendered":"https:\/\/we-r-health.com\/?post_type=product&#038;p=17414"},"modified":"2025-05-25T00:27:23","modified_gmt":"2025-05-25T00:27:23","slug":"andres-high-top","status":"publish","type":"product","link":"https:\/\/we-r-health.com\/es\/producto\/andres-high-top\/","title":{"rendered":"Andr\u00e9s Ca\u00f1a Alta"},"content":{"rendered":"<ul>\n<li class=\"Mba-z\">Breath Walker Andres ofrece m\u00e1xima comodidad con soporte de arco y estabilizaci\u00f3n, con plantillas masajeadoras.<\/li>\n<li>Acolchado de espuma colocado alrededor del cuello del tobillo y debajo de la leng\u00fceta para un ajuste y una sensaci\u00f3n incre\u00edblemente c\u00f3modos.<\/li>\n<li>Cierre de cordones tradicional para un ajuste seguro.<\/li>\n<li>La plantilla acolchada extra\u00edble ofrece comodidad durante todo el d\u00eda.<\/li>\n<li>Entresuela ligera que absorbe los impactos.<\/li>\n<li>Goma en la puntera y el tal\u00f3n para mayor durabilidad.<\/li>\n<li>Suela de tracci\u00f3n flexible.<\/li>\n<li>Parte superior de microfibra<\/li>\n<li>Forro de tela.<\/li>\n<li>Tejido resistente al olor y plantilla de PU.<\/li>\n<li>Suela de goma.<\/li>\n<li>Importado.<\/li>\n<\/ul>","protected":false},"excerpt":{"rendered":"<p>Los zapatos de ca\u00f1a alta Breath Walker Andres ofrecen m\u00e1xima comodidad con soporte y estabilizaci\u00f3n del arco, con plantillas de masaje que integran reflexolog\u00eda podal, meridianos de la medicina tradicional china, biomec\u00e1nica del pie, terapia magn\u00e9tica y tecnolog\u00eda de olores antibacterianos.<\/p>","protected":false},"featured_media":17415,"comment_status":"open","ping_status":"closed","template":"","meta":{"jetpack_post_was_ever_published":false},"product_cat":[43,44,45,46],"product_tag":[],"class_list":{"0":"post-17414","1":"product","2":"type-product","3":"status-publish","4":"has-post-thumbnail","6":"product_cat-breath-walker","7":"product_cat-massage-shoes","8":"product_cat-mens-massage-shoes","9":"product_cat-womens-massage-shoes","11":"first","12":"instock","13":"taxable","14":"shipping-taxable","15":"purchasable","16":"product-type-variable"},"acf":[],"jetpack_sharing_enabled":true,"_links":{"self":[{"href":"https:\/\/we-r-health.com\/es\/wp-json\/wp\/v2\/product\/17414"}],"collection":[{"href":"https:\/\/we-r-health.com\/es\/wp-json\/wp\/v2\/product"}],"about":[{"href":"https:\/\/we-r-health.com\/es\/wp-json\/wp\/v2\/types\/product"}],"replies":[{"embeddable":true,"href":"https:\/\/we-r-health.com\/es\/wp-json\/wp\/v2\/comments?post=17414"}],"wp:featuredmedia":[{"embeddable":true,"href":"https:\/\/we-r-health.com\/es\/wp-json\/wp\/v2\/media\/17415"}],"wp:attachment":[{"href":"https:\/\/we-r-health.com\/es\/wp-json\/wp\/v2\/media?parent=17414"}],"wp:term":[{"taxonomy":"product_cat","embeddable":true,"href":"https:\/\/we-r-health.com\/es\/wp-json\/wp\/v2\/product_cat?post=17414"},{"taxonomy":"product_tag","embeddable":true,"href":"https:\/\/we-r-health.com\/es\/wp-json\/wp\/v2\/product_tag?post=17414"}],"curies":[{"name":"wp","href":"https:\/\/api.w.org\/{rel}","templated":true}]}}