{"id":17459,"date":"2023-03-19T00:59:00","date_gmt":"2023-03-19T00:59:00","guid":{"rendered":"https:\/\/we-r-health.com\/?post_type=product&#038;p=17459"},"modified":"2024-05-31T17:38:25","modified_gmt":"2024-05-31T17:38:25","slug":"calling","status":"publish","type":"product","link":"https:\/\/we-r-health.com\/es\/producto\/calling\/","title":{"rendered":"Vocaci\u00f3n"},"content":{"rendered":"<p>Breath Walker Calling ofrece m\u00e1xima comodidad con soporte y estabilizaci\u00f3n del arco, con plantillas masajeadoras.<br \/>\nPesta\u00f1a de tiro para f\u00e1cil acceso de encendido y apagado.<br \/>\nMalla dise\u00f1ada para estructura, elasticidad y mejor transpirabilidad.<br \/>\nPlantilla acolchada.<br \/>\nEntresuela ligera que absorbe los impactos.<br \/>\nSuela de tracci\u00f3n flexible.<br \/>\nForro y plantilla textil.<br \/>\nSuela sint\u00e9tica y de caucho.<br \/>\nImportado.<\/p>","protected":false},"excerpt":{"rendered":"<p>Breath Walker Calling ofrece m\u00e1xima comodidad con soporte y estabilizaci\u00f3n del arco, con plantillas de masaje que integran reflexolog\u00eda podal, meridianos de medicina tradicional china, biomec\u00e1nica del pie, terapia magn\u00e9tica y tecnolog\u00eda de olores antibacterianos.<\/p>","protected":false},"featured_media":17460,"comment_status":"open","ping_status":"closed","template":"","meta":{"jetpack_post_was_ever_published":false},"product_cat":[43,44,45,46],"product_tag":[],"class_list":{"0":"post-17459","1":"product","2":"type-product","3":"status-publish","4":"has-post-thumbnail","6":"product_cat-breath-walker","7":"product_cat-massage-shoes","8":"product_cat-mens-massage-shoes","9":"product_cat-womens-massage-shoes","11":"first","12":"instock","13":"taxable","14":"shipping-taxable","15":"purchasable","16":"product-type-variable"},"acf":[],"jetpack_sharing_enabled":true,"_links":{"self":[{"href":"https:\/\/we-r-health.com\/es\/wp-json\/wp\/v2\/product\/17459"}],"collection":[{"href":"https:\/\/we-r-health.com\/es\/wp-json\/wp\/v2\/product"}],"about":[{"href":"https:\/\/we-r-health.com\/es\/wp-json\/wp\/v2\/types\/product"}],"replies":[{"embeddable":true,"href":"https:\/\/we-r-health.com\/es\/wp-json\/wp\/v2\/comments?post=17459"}],"wp:featuredmedia":[{"embeddable":true,"href":"https:\/\/we-r-health.com\/es\/wp-json\/wp\/v2\/media\/17460"}],"wp:attachment":[{"href":"https:\/\/we-r-health.com\/es\/wp-json\/wp\/v2\/media?parent=17459"}],"wp:term":[{"taxonomy":"product_cat","embeddable":true,"href":"https:\/\/we-r-health.com\/es\/wp-json\/wp\/v2\/product_cat?post=17459"},{"taxonomy":"product_tag","embeddable":true,"href":"https:\/\/we-r-health.com\/es\/wp-json\/wp\/v2\/product_tag?post=17459"}],"curies":[{"name":"wp","href":"https:\/\/api.w.org\/{rel}","templated":true}]}}