{"id":17491,"date":"2023-03-19T01:18:52","date_gmt":"2023-03-19T01:18:52","guid":{"rendered":"https:\/\/we-r-health.com\/?post_type=product&#038;p=17491"},"modified":"2025-05-26T14:29:32","modified_gmt":"2025-05-26T14:29:32","slug":"voyage","status":"publish","type":"product","link":"https:\/\/we-r-health.com\/es\/producto\/voyage\/","title":{"rendered":"Viaje (Rosa)"},"content":{"rendered":"<p>Breath Walker Voyage ofrece m\u00e1xima comodidad con soporte y estabilizaci\u00f3n del arco, con plantillas masajeadoras.<br \/>\nAcolchado de espuma colocado alrededor del cuello del tobillo y debajo de la leng\u00fceta para un ajuste y una sensaci\u00f3n incre\u00edblemente c\u00f3modos.<br \/>\nMalla dise\u00f1ada para estructura, elasticidad y mejor transpirabilidad.<br \/>\nCierre de cordones tradicional para un ajuste seguro.<br \/>\nPlantilla acolchada.<br \/>\nEntresuela ligera que absorbe los impactos.<br \/>\nGoma en la puntera y el tal\u00f3n para mayor durabilidad.<br \/>\nSuela de tracci\u00f3n flexible.<br \/>\nParte superior textil.<br \/>\nForro y plantilla textil.<br \/>\nSuela sint\u00e9tica y de caucho.<br \/>\nImportado.<\/p>","protected":false},"excerpt":{"rendered":"<p>El Breath Walker Voyage ofrece m\u00e1xima comodidad con soporte y estabilizaci\u00f3n del arco, presenta plantillas de masaje con m\u00e1s de 300 puntos de acupuntura, m\u00e1s de 20 zonas reflejas principales para masajear sus pies mientras camina con imanes para ayudar a ajustar la funci\u00f3n metab\u00f3lica del cuerpo a trav\u00e9s del Jingluo y sus puntos al pie seg\u00fan la Medicina Tradicional China.<\/p>","protected":false},"featured_media":17492,"comment_status":"open","ping_status":"closed","template":"","meta":{"jetpack_post_was_ever_published":false},"product_cat":[43,44,46],"product_tag":[],"class_list":{"0":"post-17491","1":"product","2":"type-product","3":"status-publish","4":"has-post-thumbnail","6":"product_cat-breath-walker","7":"product_cat-massage-shoes","8":"product_cat-womens-massage-shoes","10":"first","11":"instock","12":"taxable","13":"shipping-taxable","14":"purchasable","15":"product-type-variable"},"acf":[],"jetpack_sharing_enabled":true,"_links":{"self":[{"href":"https:\/\/we-r-health.com\/es\/wp-json\/wp\/v2\/product\/17491"}],"collection":[{"href":"https:\/\/we-r-health.com\/es\/wp-json\/wp\/v2\/product"}],"about":[{"href":"https:\/\/we-r-health.com\/es\/wp-json\/wp\/v2\/types\/product"}],"replies":[{"embeddable":true,"href":"https:\/\/we-r-health.com\/es\/wp-json\/wp\/v2\/comments?post=17491"}],"wp:featuredmedia":[{"embeddable":true,"href":"https:\/\/we-r-health.com\/es\/wp-json\/wp\/v2\/media\/17492"}],"wp:attachment":[{"href":"https:\/\/we-r-health.com\/es\/wp-json\/wp\/v2\/media?parent=17491"}],"wp:term":[{"taxonomy":"product_cat","embeddable":true,"href":"https:\/\/we-r-health.com\/es\/wp-json\/wp\/v2\/product_cat?post=17491"},{"taxonomy":"product_tag","embeddable":true,"href":"https:\/\/we-r-health.com\/es\/wp-json\/wp\/v2\/product_tag?post=17491"}],"curies":[{"name":"wp","href":"https:\/\/api.w.org\/{rel}","templated":true}]}}