{"id":17501,"date":"2023-03-19T01:25:40","date_gmt":"2023-03-19T01:25:40","guid":{"rendered":"https:\/\/we-r-health.com\/?post_type=product&#038;p=17501"},"modified":"2025-05-29T05:32:26","modified_gmt":"2025-05-29T05:32:26","slug":"valiant-2","status":"publish","type":"product","link":"https:\/\/we-r-health.com\/es\/producto\/valiant-2\/","title":{"rendered":"Valiente"},"content":{"rendered":"<p>Mant\u00e9ngase elegante y c\u00f3modo con el Breath Walker Valiant.<br \/>\nMasaje con peso corporal: m\u00e1s de 300 puntos de masaje dirigidos a m\u00e1s de 20 regiones de reflexi\u00f3n principales.<br \/>\nAntifatiga.<br \/>\nAntiest\u00e1tico.<br \/>\nAntibacteriano aprobado por la organizaci\u00f3n suiza SGS.<br \/>\nParte superior de microfibra y malla.<br \/>\nCierre con cordones.<br \/>\nForro de tela.<br \/>\nPlantilla de tela y resistente a olores.<br \/>\nM\u00e1xima comodidad con soporte de arco y estabilizaci\u00f3n, gracias a plantillas masajeadoras.<br \/>\nSuela de goma.<br \/>\nImportado.<\/p>","protected":false},"excerpt":{"rendered":"<p>Valiant de Breath Walkers ofrece m\u00e1xima comodidad con soporte y estabilizaci\u00f3n del arco, con plantillas de masaje que integran reflexolog\u00eda podal, meridianos de la medicina tradicional china, biomec\u00e1nica del pie, terapia magn\u00e9tica y tecnolog\u00eda de olores antibacterianos.<\/p>","protected":false},"featured_media":17502,"comment_status":"open","ping_status":"closed","template":"","meta":{"jetpack_post_was_ever_published":false},"product_cat":[43,44,46],"product_tag":[127,36,49],"class_list":{"0":"post-17501","1":"product","2":"type-product","3":"status-publish","4":"has-post-thumbnail","6":"product_cat-breath-walker","7":"product_cat-massage-shoes","8":"product_cat-womens-massage-shoes","9":"product_tag-massage-shoes","10":"product_tag-womans-massage","11":"product_tag-womans-shoes","13":"first","14":"instock","15":"taxable","16":"shipping-taxable","17":"purchasable","18":"product-type-variable"},"acf":[],"jetpack_sharing_enabled":true,"_links":{"self":[{"href":"https:\/\/we-r-health.com\/es\/wp-json\/wp\/v2\/product\/17501"}],"collection":[{"href":"https:\/\/we-r-health.com\/es\/wp-json\/wp\/v2\/product"}],"about":[{"href":"https:\/\/we-r-health.com\/es\/wp-json\/wp\/v2\/types\/product"}],"replies":[{"embeddable":true,"href":"https:\/\/we-r-health.com\/es\/wp-json\/wp\/v2\/comments?post=17501"}],"wp:featuredmedia":[{"embeddable":true,"href":"https:\/\/we-r-health.com\/es\/wp-json\/wp\/v2\/media\/17502"}],"wp:attachment":[{"href":"https:\/\/we-r-health.com\/es\/wp-json\/wp\/v2\/media?parent=17501"}],"wp:term":[{"taxonomy":"product_cat","embeddable":true,"href":"https:\/\/we-r-health.com\/es\/wp-json\/wp\/v2\/product_cat?post=17501"},{"taxonomy":"product_tag","embeddable":true,"href":"https:\/\/we-r-health.com\/es\/wp-json\/wp\/v2\/product_tag?post=17501"}],"curies":[{"name":"wp","href":"https:\/\/api.w.org\/{rel}","templated":true}]}}