{"id":17671,"date":"2023-03-19T04:01:37","date_gmt":"2023-03-19T04:01:37","guid":{"rendered":"https:\/\/we-r-health.com\/?post_type=product&#038;p=17671"},"modified":"2023-04-21T19:15:14","modified_gmt":"2023-04-21T19:15:14","slug":"moxibustion-uterus-warming-belt","status":"publish","type":"product","link":"https:\/\/we-r-health.com\/es\/producto\/moxibustion-uterus-warming-belt\/","title":{"rendered":"Cintur\u00f3n calentador de \u00fatero con moxibusti\u00f3n"},"content":{"rendered":"<p>Cintur\u00f3n de moxibusti\u00f3n \u2013 Rosa<br \/>\nRecuperaci\u00f3n posparto, menstruaci\u00f3n, dolor muscular<br \/>\nEn aproximadamente 5 a 15 minutos deber\u00eda comenzar a sentir calor, lo que indica que el m\u00e9todo de uso es correcto. El calor aumentar\u00e1 gradualmente. Por lo general, se recomienda usarlo durante 30 a 60 minutos cada vez, 1 o 2 veces al d\u00eda hasta que se alivie el dolor. Cuando se usa para prevenir enfermedades, se puede usar 1 o 2 veces al d\u00eda durante un m\u00e1ximo de 2 horas.<\/p>","protected":false},"excerpt":{"rendered":"<p>Seg\u00fan los m\u00e9todos de la medicina tradicional china, el cintur\u00f3n de moxibusti\u00f3n se utiliza para la recuperaci\u00f3n posparto, la menstruaci\u00f3n y el dolor muscular.<\/p>","protected":false},"featured_media":17672,"comment_status":"open","ping_status":"closed","template":"","meta":{"jetpack_post_was_ever_published":false},"product_cat":[38,40,34],"product_tag":[],"class_list":{"0":"post-17671","1":"product","2":"type-product","3":"status-publish","4":"has-post-thumbnail","6":"product_cat-moxibustion-goods","7":"product_cat-other-wellness-goods","8":"product_cat-wellness-goods","10":"first","11":"instock","12":"taxable","13":"shipping-taxable","14":"purchasable","15":"product-type-simple"},"acf":[],"jetpack_sharing_enabled":true,"_links":{"self":[{"href":"https:\/\/we-r-health.com\/es\/wp-json\/wp\/v2\/product\/17671"}],"collection":[{"href":"https:\/\/we-r-health.com\/es\/wp-json\/wp\/v2\/product"}],"about":[{"href":"https:\/\/we-r-health.com\/es\/wp-json\/wp\/v2\/types\/product"}],"replies":[{"embeddable":true,"href":"https:\/\/we-r-health.com\/es\/wp-json\/wp\/v2\/comments?post=17671"}],"wp:featuredmedia":[{"embeddable":true,"href":"https:\/\/we-r-health.com\/es\/wp-json\/wp\/v2\/media\/17672"}],"wp:attachment":[{"href":"https:\/\/we-r-health.com\/es\/wp-json\/wp\/v2\/media?parent=17671"}],"wp:term":[{"taxonomy":"product_cat","embeddable":true,"href":"https:\/\/we-r-health.com\/es\/wp-json\/wp\/v2\/product_cat?post=17671"},{"taxonomy":"product_tag","embeddable":true,"href":"https:\/\/we-r-health.com\/es\/wp-json\/wp\/v2\/product_tag?post=17671"}],"curies":[{"name":"wp","href":"https:\/\/api.w.org\/{rel}","templated":true}]}}