{"id":17676,"date":"2023-03-19T04:12:04","date_gmt":"2023-03-19T04:12:04","guid":{"rendered":"https:\/\/we-r-health.com\/?post_type=product&#038;p=17676"},"modified":"2023-07-16T01:31:13","modified_gmt":"2023-07-16T01:31:13","slug":"moxibustion-knee-wrap","status":"publish","type":"product","link":"https:\/\/we-r-health.com\/es\/producto\/moxibustion-knee-wrap\/","title":{"rendered":"Envoltura de rodilla para moxibusti\u00f3n"},"content":{"rendered":"<p>La moxibusti\u00f3n est\u00e1 compuesta de caucho de silicona m\u00e9dica. Es un dispositivo de salud que, seg\u00fan la medicina tradicional china, equilibra el Yin y el Yang, es seguro e indoloro y f\u00e1cil de usar en cualquier momento y lugar.<\/p>\n<p>&nbsp;<\/p>","protected":false},"excerpt":{"rendered":"<p>La envoltura para la rodilla con terapia de moxibusti\u00f3n se utiliza para aliviar el dolor, promover la circulaci\u00f3n y eliminar la estasis sangu\u00ednea.<\/p>","protected":false},"featured_media":17677,"comment_status":"open","ping_status":"closed","template":"","meta":{"jetpack_post_was_ever_published":false},"product_cat":[38,34],"product_tag":[],"class_list":{"0":"post-17676","1":"product","2":"type-product","3":"status-publish","4":"has-post-thumbnail","6":"product_cat-moxibustion-goods","7":"product_cat-wellness-goods","9":"first","10":"instock","11":"taxable","12":"shipping-taxable","13":"purchasable","14":"product-type-variable"},"acf":[],"jetpack_sharing_enabled":true,"_links":{"self":[{"href":"https:\/\/we-r-health.com\/es\/wp-json\/wp\/v2\/product\/17676"}],"collection":[{"href":"https:\/\/we-r-health.com\/es\/wp-json\/wp\/v2\/product"}],"about":[{"href":"https:\/\/we-r-health.com\/es\/wp-json\/wp\/v2\/types\/product"}],"replies":[{"embeddable":true,"href":"https:\/\/we-r-health.com\/es\/wp-json\/wp\/v2\/comments?post=17676"}],"wp:featuredmedia":[{"embeddable":true,"href":"https:\/\/we-r-health.com\/es\/wp-json\/wp\/v2\/media\/17677"}],"wp:attachment":[{"href":"https:\/\/we-r-health.com\/es\/wp-json\/wp\/v2\/media?parent=17676"}],"wp:term":[{"taxonomy":"product_cat","embeddable":true,"href":"https:\/\/we-r-health.com\/es\/wp-json\/wp\/v2\/product_cat?post=17676"},{"taxonomy":"product_tag","embeddable":true,"href":"https:\/\/we-r-health.com\/es\/wp-json\/wp\/v2\/product_tag?post=17676"}],"curies":[{"name":"wp","href":"https:\/\/api.w.org\/{rel}","templated":true}]}}