{"id":17678,"date":"2023-03-19T04:15:57","date_gmt":"2023-03-19T04:15:57","guid":{"rendered":"https:\/\/we-r-health.com\/?post_type=product&#038;p=17678"},"modified":"2023-07-16T01:35:48","modified_gmt":"2023-07-16T01:35:48","slug":"moxibustion-elbow-wrap","status":"publish","type":"product","link":"https:\/\/we-r-health.com\/es\/producto\/moxibustion-elbow-wrap\/","title":{"rendered":"Envoltura de codo para moxibusti\u00f3n"},"content":{"rendered":"<p>La codera de moxibusti\u00f3n est\u00e1 hecha de silicona m\u00e9dica. Es un dispositivo de salud que equilibra el Yin y el Yang, es seguro e indoloro, f\u00e1cil de usar en cualquier momento y en cualquier lugar.<\/p>\n<p>Terapia termal: disipa el fr\u00edo, promueve la circulaci\u00f3n sangu\u00ednea y elimina la estasis sangu\u00ednea.<\/p>\n<p>La terapia de moxibusti\u00f3n fortalece la resistencia del cuerpo, tiene beneficios antienvejecimiento, alivio del dolor, para fisioterapia y preserva la longevidad seg\u00fan la medicina tradicional china.<\/p>\n<p>&nbsp;<\/p>\n<p>&nbsp;<\/p>","protected":false},"excerpt":{"rendered":"<p>La envoltura de codo para terapia de moxibusti\u00f3n se utiliza para aliviar el dolor, promover la circulaci\u00f3n, disipar el fr\u00edo y eliminar la estasis sangu\u00ednea seg\u00fan los m\u00e9todos de la medicina tradicional china.<\/p>","protected":false},"featured_media":17679,"comment_status":"open","ping_status":"closed","template":"","meta":{"jetpack_post_was_ever_published":false},"product_cat":[38,34],"product_tag":[],"class_list":{"0":"post-17678","1":"product","2":"type-product","3":"status-publish","4":"has-post-thumbnail","6":"product_cat-moxibustion-goods","7":"product_cat-wellness-goods","9":"first","10":"instock","11":"taxable","12":"shipping-taxable","13":"purchasable","14":"product-type-variable"},"acf":[],"jetpack_sharing_enabled":true,"_links":{"self":[{"href":"https:\/\/we-r-health.com\/es\/wp-json\/wp\/v2\/product\/17678"}],"collection":[{"href":"https:\/\/we-r-health.com\/es\/wp-json\/wp\/v2\/product"}],"about":[{"href":"https:\/\/we-r-health.com\/es\/wp-json\/wp\/v2\/types\/product"}],"replies":[{"embeddable":true,"href":"https:\/\/we-r-health.com\/es\/wp-json\/wp\/v2\/comments?post=17678"}],"wp:featuredmedia":[{"embeddable":true,"href":"https:\/\/we-r-health.com\/es\/wp-json\/wp\/v2\/media\/17679"}],"wp:attachment":[{"href":"https:\/\/we-r-health.com\/es\/wp-json\/wp\/v2\/media?parent=17678"}],"wp:term":[{"taxonomy":"product_cat","embeddable":true,"href":"https:\/\/we-r-health.com\/es\/wp-json\/wp\/v2\/product_cat?post=17678"},{"taxonomy":"product_tag","embeddable":true,"href":"https:\/\/we-r-health.com\/es\/wp-json\/wp\/v2\/product_tag?post=17678"}],"curies":[{"name":"wp","href":"https:\/\/api.w.org\/{rel}","templated":true}]}}