{"id":17683,"date":"2023-03-19T04:22:06","date_gmt":"2023-03-19T04:22:06","guid":{"rendered":"https:\/\/we-r-health.com\/?post_type=product&#038;p=17683"},"modified":"2023-04-23T22:50:32","modified_gmt":"2023-04-23T22:50:32","slug":"kidney-1-foot-pad","status":"publish","type":"product","link":"https:\/\/we-r-health.com\/es\/producto\/kidney-1-foot-pad\/","title":{"rendered":"Almohadilla para el pie del ri\u00f1\u00f3n 1"},"content":{"rendered":"<p class=\"p3\"><b>Almohadilla para pies con terapia magn\u00e9tica<\/b><\/p>\n<p class=\"p1\"><b>Estimule el punto Yongquan (ri\u00f1\u00f3n 1, fuente burbujeante) mientras camina.<\/b><\/p>\n<p class=\"p1\"><b>En la medicina china, el Yong Quan es importante en las meditaciones caminando, as\u00ed como en la mayor\u00eda de las formas de Qigong, ya que es un lugar a trav\u00e9s del cual nos conectamos profundamente con la energ\u00eda de la tierra. Podemos imaginarnos enviando ra\u00edces hacia abajo a trav\u00e9s de las plantas de nuestros pies, como un \u00e1rbol que env\u00eda ra\u00edces hacia el centro de la tierra. Al conectarnos de esta manera con la tierra, podemos sentirnos fuertemente arraigados y equilibrados.<\/b><\/p>\n<p class=\"p1\"><b>Yong Quan como punto de acupresi\u00f3n, a menudo se utiliza un im\u00e1n para disipar el qi fr\u00edo y h\u00famedo.<\/b><\/p>","protected":false},"excerpt":{"rendered":"<p>La almohadilla de terapia magn\u00e9tica para pies est\u00e1 creada para estimular el punto Yongquan (ri\u00f1\u00f3n 1, fuente burbujeante) mientras caminas.<\/p>","protected":false},"featured_media":17684,"comment_status":"open","ping_status":"closed","template":"","meta":{"jetpack_post_was_ever_published":false},"product_cat":[40,34],"product_tag":[],"class_list":{"0":"post-17683","1":"product","2":"type-product","3":"status-publish","4":"has-post-thumbnail","6":"product_cat-other-wellness-goods","7":"product_cat-wellness-goods","9":"first","10":"instock","11":"taxable","12":"shipping-taxable","13":"purchasable","14":"product-type-variable"},"acf":[],"jetpack_sharing_enabled":true,"_links":{"self":[{"href":"https:\/\/we-r-health.com\/es\/wp-json\/wp\/v2\/product\/17683"}],"collection":[{"href":"https:\/\/we-r-health.com\/es\/wp-json\/wp\/v2\/product"}],"about":[{"href":"https:\/\/we-r-health.com\/es\/wp-json\/wp\/v2\/types\/product"}],"replies":[{"embeddable":true,"href":"https:\/\/we-r-health.com\/es\/wp-json\/wp\/v2\/comments?post=17683"}],"wp:featuredmedia":[{"embeddable":true,"href":"https:\/\/we-r-health.com\/es\/wp-json\/wp\/v2\/media\/17684"}],"wp:attachment":[{"href":"https:\/\/we-r-health.com\/es\/wp-json\/wp\/v2\/media?parent=17683"}],"wp:term":[{"taxonomy":"product_cat","embeddable":true,"href":"https:\/\/we-r-health.com\/es\/wp-json\/wp\/v2\/product_cat?post=17683"},{"taxonomy":"product_tag","embeddable":true,"href":"https:\/\/we-r-health.com\/es\/wp-json\/wp\/v2\/product_tag?post=17683"}],"curies":[{"name":"wp","href":"https:\/\/api.w.org\/{rel}","templated":true}]}}