{"id":17722,"date":"2023-03-19T15:18:29","date_gmt":"2023-03-19T15:18:29","guid":{"rendered":"https:\/\/we-r-health.com\/?post_type=product&#038;p=17722"},"modified":"2025-05-26T22:16:08","modified_gmt":"2025-05-26T22:16:08","slug":"generation-3-insoles","status":"publish","type":"product","link":"https:\/\/we-r-health.com\/es\/producto\/generation-3-insoles\/","title":{"rendered":"Plantillas de 3\u00aa generaci\u00f3n"},"content":{"rendered":"<p>Plantillas dise\u00f1adas para adaptarse a su l\u00ednea de zapatos Breath Walker.<\/p>","protected":false},"excerpt":{"rendered":"<p>M\u00e1s de 300 puntos de acupuntura, m\u00e1s de 20 zonas reflejas principales para masajear tus pies mientras caminas con imanes para ayudar a ajustar la funci\u00f3n metab\u00f3lica del cuerpo a trav\u00e9s del Jingluo y sus puntos al pie seg\u00fan la Medicina Tradicional China.<\/p>","protected":false},"featured_media":17723,"comment_status":"open","ping_status":"closed","template":"","meta":{"jetpack_post_was_ever_published":false},"product_cat":[43,44,45,34,46],"product_tag":[],"class_list":{"0":"post-17722","1":"product","2":"type-product","3":"status-publish","4":"has-post-thumbnail","6":"product_cat-breath-walker","7":"product_cat-massage-shoes","8":"product_cat-mens-massage-shoes","9":"product_cat-wellness-goods","10":"product_cat-womens-massage-shoes","12":"first","13":"instock","14":"taxable","15":"shipping-taxable","16":"purchasable","17":"product-type-variable"},"acf":[],"jetpack_sharing_enabled":true,"_links":{"self":[{"href":"https:\/\/we-r-health.com\/es\/wp-json\/wp\/v2\/product\/17722"}],"collection":[{"href":"https:\/\/we-r-health.com\/es\/wp-json\/wp\/v2\/product"}],"about":[{"href":"https:\/\/we-r-health.com\/es\/wp-json\/wp\/v2\/types\/product"}],"replies":[{"embeddable":true,"href":"https:\/\/we-r-health.com\/es\/wp-json\/wp\/v2\/comments?post=17722"}],"wp:featuredmedia":[{"embeddable":true,"href":"https:\/\/we-r-health.com\/es\/wp-json\/wp\/v2\/media\/17723"}],"wp:attachment":[{"href":"https:\/\/we-r-health.com\/es\/wp-json\/wp\/v2\/media?parent=17722"}],"wp:term":[{"taxonomy":"product_cat","embeddable":true,"href":"https:\/\/we-r-health.com\/es\/wp-json\/wp\/v2\/product_cat?post=17722"},{"taxonomy":"product_tag","embeddable":true,"href":"https:\/\/we-r-health.com\/es\/wp-json\/wp\/v2\/product_tag?post=17722"}],"curies":[{"name":"wp","href":"https:\/\/api.w.org\/{rel}","templated":true}]}}