{"id":19408,"date":"2023-04-16T18:17:27","date_gmt":"2023-04-16T18:17:27","guid":{"rendered":"https:\/\/we-r-health.com\/?post_type=product&#038;p=19408"},"modified":"2023-12-14T08:41:38","modified_gmt":"2023-12-14T08:41:38","slug":"earthing-car-seat-cushion","status":"publish","type":"product","link":"https:\/\/we-r-health.com\/es\/producto\/earthing-car-seat-cushion\/","title":{"rendered":"Coj\u00edn de asiento de coche con conexi\u00f3n a tierra"},"content":{"rendered":"<div class=\"elementor-element elementor-element-df1f310 elementor-widget elementor-widget-jet-single-title\" data-id=\"df1f310\" data-element_type=\"widget\" data-widget_type=\"jet-single-title.default\">\n<div class=\"elementor-widget-container\">\n<div class=\"elementor-jet-single-title jet-woo-builder\">\n<ul>\n<li>Hecho de materiales avanzados, de acuerdo con el dise\u00f1o ergon\u00f3mico, moderno y c\u00f3modo, absorci\u00f3n de impactos efectiva, reduce la fatiga durante la conducci\u00f3n, elimina la electricidad est\u00e1tica y utiliza un dispositivo de conexi\u00f3n a tierra para recibir continuamente electrones libres de la tierra durante la conducci\u00f3n, reduciendo los radicales libres.<\/li>\n<\/ul>\n<p>&nbsp;<\/p>\n<p>&nbsp;<\/p>\n<\/div>\n<\/div>\n<\/div>","protected":false},"excerpt":{"rendered":"<p>El uso durante la conducci\u00f3n puede reducir eficazmente la radiaci\u00f3n electromagn\u00e9tica de los radicales libres. Puede liberar la electricidad est\u00e1tica del cuerpo hacia la tierra y los electrones libres de la tierra pueden transmitirse al cuerpo.<\/p>\n<p>&nbsp;<\/p>","protected":false},"featured_media":19410,"comment_status":"open","ping_status":"closed","template":"","meta":{"jetpack_post_was_ever_published":false},"product_cat":[29,33,40,34],"product_tag":[1658,1659,1656,1657],"class_list":{"0":"post-19408","1":"product","2":"type-product","3":"status-publish","4":"has-post-thumbnail","6":"product_cat-earthing-goods","7":"product_cat-earthing-mats","8":"product_cat-other-wellness-goods","9":"product_cat-wellness-goods","10":"product_tag-comfortable","11":"product_tag-earthing","12":"product_tag-ergonomic-design","13":"product_tag-fashionable","15":"first","16":"instock","17":"taxable","18":"shipping-taxable","19":"purchasable","20":"product-type-simple"},"acf":[],"jetpack_sharing_enabled":true,"_links":{"self":[{"href":"https:\/\/we-r-health.com\/es\/wp-json\/wp\/v2\/product\/19408"}],"collection":[{"href":"https:\/\/we-r-health.com\/es\/wp-json\/wp\/v2\/product"}],"about":[{"href":"https:\/\/we-r-health.com\/es\/wp-json\/wp\/v2\/types\/product"}],"replies":[{"embeddable":true,"href":"https:\/\/we-r-health.com\/es\/wp-json\/wp\/v2\/comments?post=19408"}],"wp:featuredmedia":[{"embeddable":true,"href":"https:\/\/we-r-health.com\/es\/wp-json\/wp\/v2\/media\/19410"}],"wp:attachment":[{"href":"https:\/\/we-r-health.com\/es\/wp-json\/wp\/v2\/media?parent=19408"}],"wp:term":[{"taxonomy":"product_cat","embeddable":true,"href":"https:\/\/we-r-health.com\/es\/wp-json\/wp\/v2\/product_cat?post=19408"},{"taxonomy":"product_tag","embeddable":true,"href":"https:\/\/we-r-health.com\/es\/wp-json\/wp\/v2\/product_tag?post=19408"}],"curies":[{"name":"wp","href":"https:\/\/api.w.org\/{rel}","templated":true}]}}