{"id":19514,"date":"2023-04-21T20:12:36","date_gmt":"2023-04-21T20:12:36","guid":{"rendered":"https:\/\/we-r-health.com\/?post_type=product&#038;p=19514"},"modified":"2025-05-28T01:59:52","modified_gmt":"2025-05-28T01:59:52","slug":"earthing-shower-shoes","status":"publish","type":"product","link":"https:\/\/we-r-health.com\/es\/producto\/earthing-shower-shoes\/","title":{"rendered":"Zapatillas de ducha con conexi\u00f3n a tierra"},"content":{"rendered":"<p>Elige tu estilo de zapato de puesta a tierra favorito y deja que tus pies besen la tierra para lograr el efecto de caminar descalzo. Puede liberar electricidad est\u00e1tica del cuerpo a la tierra, los electrones libres de la tierra pueden ser conducidos al cuerpo humano a trav\u00e9s de la suela. con material nano conductor integrado en una suela electrost\u00e1tica conductora no aislada.<\/p>","protected":false},"excerpt":{"rendered":"<p>Estos zapatos de conexi\u00f3n a tierra est\u00e1n dise\u00f1ados con una suela conductora que te permite conectarte a la Tierra, lo que promueve un mejor equilibrio, reduce la inflamaci\u00f3n y mejora el bienestar general cuando est\u00e1s conectado a la Tierra. Tambi\u00e9n son ideales para acampar, ducharse en el gimnasio, en la playa, para usar como pantuflas y para quienes necesitan algo f\u00e1cil de poner.<\/p>","protected":false},"featured_media":19515,"comment_status":"open","ping_status":"closed","template":"","meta":{"jetpack_post_was_ever_published":false},"product_cat":[24,41,26],"product_tag":[],"class_list":{"0":"post-19514","1":"product","2":"type-product","3":"status-publish","4":"has-post-thumbnail","6":"product_cat-earthing-shoes","7":"product_cat-mens-earthing-shoes","8":"product_cat-womens-earthing-shoes","10":"first","11":"instock","12":"taxable","13":"shipping-taxable","14":"purchasable","15":"product-type-variable"},"acf":[],"jetpack_sharing_enabled":true,"_links":{"self":[{"href":"https:\/\/we-r-health.com\/es\/wp-json\/wp\/v2\/product\/19514"}],"collection":[{"href":"https:\/\/we-r-health.com\/es\/wp-json\/wp\/v2\/product"}],"about":[{"href":"https:\/\/we-r-health.com\/es\/wp-json\/wp\/v2\/types\/product"}],"replies":[{"embeddable":true,"href":"https:\/\/we-r-health.com\/es\/wp-json\/wp\/v2\/comments?post=19514"}],"wp:featuredmedia":[{"embeddable":true,"href":"https:\/\/we-r-health.com\/es\/wp-json\/wp\/v2\/media\/19515"}],"wp:attachment":[{"href":"https:\/\/we-r-health.com\/es\/wp-json\/wp\/v2\/media?parent=19514"}],"wp:term":[{"taxonomy":"product_cat","embeddable":true,"href":"https:\/\/we-r-health.com\/es\/wp-json\/wp\/v2\/product_cat?post=19514"},{"taxonomy":"product_tag","embeddable":true,"href":"https:\/\/we-r-health.com\/es\/wp-json\/wp\/v2\/product_tag?post=19514"}],"curies":[{"name":"wp","href":"https:\/\/api.w.org\/{rel}","templated":true}]}}