{"id":19772,"date":"2023-06-15T02:59:52","date_gmt":"2023-06-15T02:59:52","guid":{"rendered":"https:\/\/we-r-health.com\/?post_type=product&#038;p=19772"},"modified":"2024-05-31T17:36:28","modified_gmt":"2024-05-31T17:36:28","slug":"persistence","status":"publish","type":"product","link":"https:\/\/we-r-health.com\/es\/producto\/persistence\/","title":{"rendered":"Persistencia"},"content":{"rendered":"<p>Suela de goma.<br \/>\nPesta\u00f1a de tiro para f\u00e1cil acceso de encendido y apagado.<br \/>\nAcolchado de espuma colocado alrededor del cuello del tobillo y debajo de la leng\u00fceta para un ajuste y una sensaci\u00f3n incre\u00edblemente c\u00f3modos.<br \/>\nMalla dise\u00f1ada para estructura, elasticidad y mejor transpirabilidad.<br \/>\nPlantilla acolchada.<br \/>\nCierre de cordones tradicional para un ajuste seguro.<br \/>\nEntresuela ligera que absorbe los impactos.<br \/>\nGoma en la puntera y el tal\u00f3n para mayor durabilidad.<br \/>\nSuela de tracci\u00f3n flexible.<br \/>\nParte superior textil.<br \/>\nForro y plantilla textil.<br \/>\nImportado.<\/p>","protected":false},"excerpt":{"rendered":"<p>Breath Walker Persistence ofrece m\u00e1xima comodidad con soporte y estabilizaci\u00f3n del arco, con plantillas masajeadoras.<\/p>","protected":false},"featured_media":19773,"comment_status":"open","ping_status":"closed","template":"","meta":{"jetpack_post_was_ever_published":false},"product_cat":[43,44,45,46],"product_tag":[],"class_list":{"0":"post-19772","1":"product","2":"type-product","3":"status-publish","4":"has-post-thumbnail","6":"product_cat-breath-walker","7":"product_cat-massage-shoes","8":"product_cat-mens-massage-shoes","9":"product_cat-womens-massage-shoes","11":"first","12":"instock","13":"taxable","14":"shipping-taxable","15":"purchasable","16":"product-type-variable"},"acf":[],"jetpack_sharing_enabled":true,"_links":{"self":[{"href":"https:\/\/we-r-health.com\/es\/wp-json\/wp\/v2\/product\/19772"}],"collection":[{"href":"https:\/\/we-r-health.com\/es\/wp-json\/wp\/v2\/product"}],"about":[{"href":"https:\/\/we-r-health.com\/es\/wp-json\/wp\/v2\/types\/product"}],"replies":[{"embeddable":true,"href":"https:\/\/we-r-health.com\/es\/wp-json\/wp\/v2\/comments?post=19772"}],"wp:featuredmedia":[{"embeddable":true,"href":"https:\/\/we-r-health.com\/es\/wp-json\/wp\/v2\/media\/19773"}],"wp:attachment":[{"href":"https:\/\/we-r-health.com\/es\/wp-json\/wp\/v2\/media?parent=19772"}],"wp:term":[{"taxonomy":"product_cat","embeddable":true,"href":"https:\/\/we-r-health.com\/es\/wp-json\/wp\/v2\/product_cat?post=19772"},{"taxonomy":"product_tag","embeddable":true,"href":"https:\/\/we-r-health.com\/es\/wp-json\/wp\/v2\/product_tag?post=19772"}],"curies":[{"name":"wp","href":"https:\/\/api.w.org\/{rel}","templated":true}]}}