{"id":19884,"date":"2023-06-15T04:49:46","date_gmt":"2023-06-15T04:49:46","guid":{"rendered":"https:\/\/we-r-health.com\/?post_type=product&#038;p=19884"},"modified":"2024-01-10T03:22:42","modified_gmt":"2024-01-10T03:22:42","slug":"aiden","status":"publish","type":"product","link":"https:\/\/we-r-health.com\/es\/producto\/aiden\/","title":{"rendered":"Aiden"},"content":{"rendered":"<p><strong>Mant\u00e9ngase elegante con comodidad con el Breath Walker Aiden.<\/strong><br \/>\n<strong>Masaje con peso corporal: m\u00e1s de 300 puntos de masaje dirigidos a m\u00e1s de 20 regiones de reflexi\u00f3n principales.<\/strong><br \/>\n<strong>Volumen a\u00f1adido en el \u00e1rea de la puntera y la bola para mayor comodidad.<\/strong><br \/>\n<strong>Antifatiga.<\/strong><br \/>\n<strong>Antiest\u00e1tico.<\/strong><br \/>\n<strong>Antibacteriano aprobado por la organizaci\u00f3n suiza SGS.<\/strong><br \/>\n<strong>Parte superior de microfibra y malla.<\/strong><br \/>\n<strong>Cierre con cordones.<\/strong><br \/>\n<strong>Forro de tela.<\/strong><br \/>\n<strong>Plantilla de tela y resistente a olores.<\/strong><br \/>\n<strong>M\u00e1xima comodidad con soporte de arco y estabilizaci\u00f3n, gracias a plantillas masajeadoras.<\/strong><br \/>\n<strong>Suela de goma.<\/strong><br \/>\n<strong>Importado.<\/strong><\/p>","protected":false},"excerpt":{"rendered":"<p><strong>Mant\u00e9ngase elegante con comodidad con el Breath Walker Aiden.<\/strong><\/p>","protected":false},"featured_media":19885,"comment_status":"open","ping_status":"closed","template":"","meta":{"jetpack_post_was_ever_published":false},"product_cat":[43,44,45],"product_tag":[],"class_list":{"0":"post-19884","1":"product","2":"type-product","3":"status-publish","4":"has-post-thumbnail","6":"product_cat-breath-walker","7":"product_cat-massage-shoes","8":"product_cat-mens-massage-shoes","10":"first","11":"instock","12":"featured","13":"taxable","14":"shipping-taxable","15":"purchasable","16":"product-type-variable"},"acf":[],"jetpack_sharing_enabled":true,"_links":{"self":[{"href":"https:\/\/we-r-health.com\/es\/wp-json\/wp\/v2\/product\/19884"}],"collection":[{"href":"https:\/\/we-r-health.com\/es\/wp-json\/wp\/v2\/product"}],"about":[{"href":"https:\/\/we-r-health.com\/es\/wp-json\/wp\/v2\/types\/product"}],"replies":[{"embeddable":true,"href":"https:\/\/we-r-health.com\/es\/wp-json\/wp\/v2\/comments?post=19884"}],"wp:featuredmedia":[{"embeddable":true,"href":"https:\/\/we-r-health.com\/es\/wp-json\/wp\/v2\/media\/19885"}],"wp:attachment":[{"href":"https:\/\/we-r-health.com\/es\/wp-json\/wp\/v2\/media?parent=19884"}],"wp:term":[{"taxonomy":"product_cat","embeddable":true,"href":"https:\/\/we-r-health.com\/es\/wp-json\/wp\/v2\/product_cat?post=19884"},{"taxonomy":"product_tag","embeddable":true,"href":"https:\/\/we-r-health.com\/es\/wp-json\/wp\/v2\/product_tag?post=19884"}],"curies":[{"name":"wp","href":"https:\/\/api.w.org\/{rel}","templated":true}]}}