{"id":19892,"date":"2023-06-15T04:59:49","date_gmt":"2023-06-15T04:59:49","guid":{"rendered":"https:\/\/we-r-health.com\/?post_type=product&#038;p=19892"},"modified":"2024-05-31T17:35:27","modified_gmt":"2024-05-31T17:35:27","slug":"blair","status":"publish","type":"product","link":"https:\/\/we-r-health.com\/es\/producto\/blair\/","title":{"rendered":"Blair"},"content":{"rendered":"<p><strong>Acolchado de espuma colocado alrededor del cuello del tobillo y debajo de la leng\u00fceta para un ajuste y una sensaci\u00f3n incre\u00edblemente c\u00f3modos.<\/strong><br \/>\n<strong>El cierre tradicional con cordones ofrece un ajuste seguro.<\/strong><br \/>\n<strong>Silueta cl\u00e1sica de punta redonda.<\/strong><br \/>\n<strong>Malla dise\u00f1ada para estructura, elasticidad y mejor transpirabilidad.<\/strong><br \/>\n<strong>Tire de la leng\u00fceta en la parte delantera y trasera para poner y quitar f\u00e1cilmente.<\/strong><br \/>\n<strong>Plantilla acolchada para comodidad durante todo el d\u00eda.<\/strong><br \/>\n<strong>Entresuela ligera que absorbe los impactos.<\/strong><br \/>\n<strong>Goma en la puntera y el tal\u00f3n para mayor durabilidad.<\/strong><br \/>\n<strong>Suela de tracci\u00f3n flexible.<\/strong><br \/>\n<strong>Marca en la parte superior.<\/strong><br \/>\n<strong>Parte superior textil.<\/strong><br \/>\n<strong>Forro y plantilla textil.<\/strong><br \/>\n<strong>Suela de goma.<\/strong><br \/>\n<strong>Importado.<\/strong><\/p>","protected":false},"excerpt":{"rendered":"<p><strong>El Breath Walker Blair ofrece m\u00e1xima comodidad con soporte de arco y estabilizaci\u00f3n, con plantillas de masaje.<\/strong><\/p>","protected":false},"featured_media":19893,"comment_status":"open","ping_status":"closed","template":"","meta":{"jetpack_post_was_ever_published":false},"product_cat":[43,44,46],"product_tag":[],"class_list":{"0":"post-19892","1":"product","2":"type-product","3":"status-publish","4":"has-post-thumbnail","6":"product_cat-breath-walker","7":"product_cat-massage-shoes","8":"product_cat-womens-massage-shoes","10":"first","11":"instock","12":"taxable","13":"shipping-taxable","14":"purchasable","15":"product-type-variable"},"acf":[],"jetpack_sharing_enabled":true,"_links":{"self":[{"href":"https:\/\/we-r-health.com\/es\/wp-json\/wp\/v2\/product\/19892"}],"collection":[{"href":"https:\/\/we-r-health.com\/es\/wp-json\/wp\/v2\/product"}],"about":[{"href":"https:\/\/we-r-health.com\/es\/wp-json\/wp\/v2\/types\/product"}],"replies":[{"embeddable":true,"href":"https:\/\/we-r-health.com\/es\/wp-json\/wp\/v2\/comments?post=19892"}],"wp:featuredmedia":[{"embeddable":true,"href":"https:\/\/we-r-health.com\/es\/wp-json\/wp\/v2\/media\/19893"}],"wp:attachment":[{"href":"https:\/\/we-r-health.com\/es\/wp-json\/wp\/v2\/media?parent=19892"}],"wp:term":[{"taxonomy":"product_cat","embeddable":true,"href":"https:\/\/we-r-health.com\/es\/wp-json\/wp\/v2\/product_cat?post=19892"},{"taxonomy":"product_tag","embeddable":true,"href":"https:\/\/we-r-health.com\/es\/wp-json\/wp\/v2\/product_tag?post=19892"}],"curies":[{"name":"wp","href":"https:\/\/api.w.org\/{rel}","templated":true}]}}