{"id":19953,"date":"2023-06-24T00:54:13","date_gmt":"2023-06-24T00:54:13","guid":{"rendered":"https:\/\/we-r-health.com\/?post_type=product&#038;p=19953"},"modified":"2024-05-31T17:33:56","modified_gmt":"2024-05-31T17:33:56","slug":"clara-platform-shoe","status":"publish","type":"product","link":"https:\/\/we-r-health.com\/es\/producto\/clara-platform-shoe\/","title":{"rendered":"Zapato de plataforma Clara"},"content":{"rendered":"<p>Tus pies pueden lograr el efecto de caminar descalzos. Pueden liberar electricidad est\u00e1tica del cuerpo hacia la tierra, los electrones libres de la tierra pueden ser conducidos al cuerpo humano a trav\u00e9s de la suela hecha con material nano conductor integrado en una suela electrost\u00e1tica conductora no aislada.<\/p>","protected":false},"excerpt":{"rendered":"<p><strong><em>\u00a1Conoce a Clara, lo nuevo en estilo plataforma!<\/em><\/strong><\/p>","protected":false},"featured_media":19954,"comment_status":"open","ping_status":"closed","template":"","meta":{"jetpack_post_was_ever_published":false},"product_cat":[24,26],"product_tag":[],"class_list":{"0":"post-19953","1":"product","2":"type-product","3":"status-publish","4":"has-post-thumbnail","6":"product_cat-earthing-shoes","7":"product_cat-womens-earthing-shoes","8":"product_shipping_class-china","10":"first","11":"instock","12":"taxable","13":"shipping-taxable","14":"purchasable","15":"product-type-variable"},"acf":[],"jetpack_sharing_enabled":true,"_links":{"self":[{"href":"https:\/\/we-r-health.com\/es\/wp-json\/wp\/v2\/product\/19953"}],"collection":[{"href":"https:\/\/we-r-health.com\/es\/wp-json\/wp\/v2\/product"}],"about":[{"href":"https:\/\/we-r-health.com\/es\/wp-json\/wp\/v2\/types\/product"}],"replies":[{"embeddable":true,"href":"https:\/\/we-r-health.com\/es\/wp-json\/wp\/v2\/comments?post=19953"}],"wp:featuredmedia":[{"embeddable":true,"href":"https:\/\/we-r-health.com\/es\/wp-json\/wp\/v2\/media\/19954"}],"wp:attachment":[{"href":"https:\/\/we-r-health.com\/es\/wp-json\/wp\/v2\/media?parent=19953"}],"wp:term":[{"taxonomy":"product_cat","embeddable":true,"href":"https:\/\/we-r-health.com\/es\/wp-json\/wp\/v2\/product_cat?post=19953"},{"taxonomy":"product_tag","embeddable":true,"href":"https:\/\/we-r-health.com\/es\/wp-json\/wp\/v2\/product_tag?post=19953"}],"curies":[{"name":"wp","href":"https:\/\/api.w.org\/{rel}","templated":true}]}}