{"id":21864,"date":"2024-04-11T01:57:28","date_gmt":"2024-04-11T01:57:28","guid":{"rendered":"https:\/\/we-r-health.com\/?post_type=product&#038;p=21864"},"modified":"2025-05-26T04:02:56","modified_gmt":"2025-05-26T04:02:56","slug":"moxibustion-belt-2","status":"publish","type":"product","link":"https:\/\/we-r-health.com\/es\/producto\/moxibustion-belt-2\/","title":{"rendered":"Cintur\u00f3n de moxibusti\u00f3n"},"content":{"rendered":"<p>Presentamos nuestro vers\u00e1til cintur\u00f3n de moxibusti\u00f3n, una maravilla terap\u00e9utica dise\u00f1ada para brindar una terapia de calor dirigida a trav\u00e9s de la antigua pr\u00e1ctica de la moxibusti\u00f3n. Fabricado con materiales de primera calidad, viene en dos opciones: el cintur\u00f3n de 4 cartuchos para un alivio integral o el pr\u00e1ctico cintur\u00f3n de un solo cartucho con dos cartuchos para una comodidad espec\u00edfica. Cada cintur\u00f3n cuenta con caracter\u00edsticas ajustables para un ajuste perfecto, mientras que los cartuchos de cobre, llenos de hierbas de moxa, emiten un calor suave al encenderse. Experimente el calor relajante que promueve la relajaci\u00f3n, mejora la circulaci\u00f3n y alivia la tensi\u00f3n y el malestar muscular. Ideal para el cuidado personal o el uso profesional, nuestro cintur\u00f3n de moxibusti\u00f3n es su puerta de entrada a un mayor bienestar.<\/p>","protected":false},"excerpt":{"rendered":"<p>Experimente la terapia de calor dirigida con nuestro cintur\u00f3n de moxibusti\u00f3n. Elija entre el cintur\u00f3n de 4 latas de cobre o la opci\u00f3n de dos latas individuales para obtener un calor relajante, una mejor circulaci\u00f3n y alivio de la tensi\u00f3n muscular. Ideal para el cuidado personal o para uso profesional.<\/p>","protected":false},"featured_media":21989,"comment_status":"open","ping_status":"closed","template":"","meta":{"jetpack_post_was_ever_published":false},"product_cat":[38,40,34],"product_tag":[3183,3181,3182,39],"class_list":{"0":"post-21864","1":"product","2":"type-product","3":"status-publish","4":"has-post-thumbnail","6":"product_cat-moxibustion-goods","7":"product_cat-other-wellness-goods","8":"product_cat-wellness-goods","9":"product_tag-adjustable-belt","10":"product_tag-cannisters","11":"product_tag-copper","12":"product_tag-moxibustion","14":"first","15":"instock","16":"taxable","17":"shipping-taxable","18":"purchasable","19":"product-type-variable"},"acf":[],"jetpack_sharing_enabled":true,"_links":{"self":[{"href":"https:\/\/we-r-health.com\/es\/wp-json\/wp\/v2\/product\/21864"}],"collection":[{"href":"https:\/\/we-r-health.com\/es\/wp-json\/wp\/v2\/product"}],"about":[{"href":"https:\/\/we-r-health.com\/es\/wp-json\/wp\/v2\/types\/product"}],"replies":[{"embeddable":true,"href":"https:\/\/we-r-health.com\/es\/wp-json\/wp\/v2\/comments?post=21864"}],"wp:featuredmedia":[{"embeddable":true,"href":"https:\/\/we-r-health.com\/es\/wp-json\/wp\/v2\/media\/21989"}],"wp:attachment":[{"href":"https:\/\/we-r-health.com\/es\/wp-json\/wp\/v2\/media?parent=21864"}],"wp:term":[{"taxonomy":"product_cat","embeddable":true,"href":"https:\/\/we-r-health.com\/es\/wp-json\/wp\/v2\/product_cat?post=21864"},{"taxonomy":"product_tag","embeddable":true,"href":"https:\/\/we-r-health.com\/es\/wp-json\/wp\/v2\/product_tag?post=21864"}],"curies":[{"name":"wp","href":"https:\/\/api.w.org\/{rel}","templated":true}]}}